{"id":8381,"date":"2025-04-04T02:00:01","date_gmt":"2025-04-04T02:00:01","guid":{"rendered":"https:\/\/vigilanciaemsaude.recife.pe.gov.br\/cievs\/?page_id=8381"},"modified":"2025-04-04T02:00:50","modified_gmt":"2025-04-04T02:00:50","slug":"vigilancia-u","status":"publish","type":"page","link":"https:\/\/vigilanciaemsaude.recife.pe.gov.br\/cievs\/vigilancia-u\/","title":{"rendered":"Vigil\u00e2ncia U"},"content":{"rendered":"\t\t<div data-elementor-type=\"wp-page\" data-elementor-id=\"8381\" class=\"elementor elementor-8381\" data-elementor-post-type=\"page\">\n\t\t\t\t\t\t<section class=\"elementor-section elementor-top-section elementor-element elementor-element-539bcb6 elementor-section-boxed elementor-section-height-default elementor-section-height-default\" data-id=\"539bcb6\" data-element_type=\"section\">\n\t\t\t\t\t\t<div class=\"elementor-container elementor-column-gap-no\">\n\t\t\t\t\t<div class=\"elementor-column elementor-col-100 elementor-top-column elementor-element elementor-element-6e8226d\" data-id=\"6e8226d\" data-element_type=\"column\">\n\t\t\t<div class=\"elementor-widget-wrap elementor-element-populated\">\n\t\t\t\t\t\t<div class=\"elementor-element elementor-element-ebc5a31 elementor-widget elementor-widget-spacer\" data-id=\"ebc5a31\" data-element_type=\"widget\" data-settings=\"{&quot;ekit_we_effect_on&quot;:&quot;none&quot;}\" data-widget_type=\"spacer.default\">\n\t\t\t\t<div class=\"elementor-widget-container\">\n\t\t\t\t\t<div class=\"elementor-spacer\">\n\t\t\t<div class=\"elementor-spacer-inner\"><\/div>\n\t\t<\/div>\n\t\t\t\t<\/div>\n\t\t\t\t<\/div>\n\t\t\t\t<div class=\"elementor-element elementor-element-7d34207 elementor-widget elementor-widget-image\" data-id=\"7d34207\" data-element_type=\"widget\" data-settings=\"{&quot;ekit_we_effect_on&quot;:&quot;none&quot;}\" data-widget_type=\"image.default\">\n\t\t\t\t<div class=\"elementor-widget-container\">\n\t\t\t\t\t\t\t\t\t\t\t\t\t<img decoding=\"async\" width=\"95\" height=\"122\" src=\"https:\/\/vigilanciaemsaude.recife.pe.gov.br\/cievs\/wp-content\/uploads\/2024\/12\/favicon-cieves.png\" class=\"attachment-full size-full wp-image-4552\" alt=\"\" \/>\t\t\t\t\t\t\t\t\t\t\t\t\t<\/div>\n\t\t\t\t<\/div>\n\t\t\t\t<div class=\"elementor-element elementor-element-ce6fb3d align-center heading-default elementor-widget elementor-widget-mae-headings\" data-id=\"ce6fb3d\" data-element_type=\"widget\" data-settings=\"{&quot;ekit_we_effect_on&quot;:&quot;none&quot;}\" data-widget_type=\"mae-headings.default\">\n\t\t\t\t<div class=\"elementor-widget-container\">\n\t\t\t\t\t<div class=\"master-heading sep-none\">\n\t\t\t\t\t\t\t        \n\t        \n\t        \t        <h2 class=\"main-heading\">Acesse as informa\u00e7\u00f5es<\/h2>\n\t        \n\t        \n\t        \t            <div class=\"sub-heading\">U<\/div>\n\t        \t    <\/div>\n\t    \t\t<\/div>\n\t\t\t\t<\/div>\n\t\t\t\t<div class=\"elementor-element elementor-element-43a6937 menu-vertical elementor-widget elementor-widget-mae-menu\" data-id=\"43a6937\" data-element_type=\"widget\" data-settings=\"{&quot;ekit_we_effect_on&quot;:&quot;none&quot;}\" data-widget_type=\"mae-menu.default\">\n\t\t\t\t<div class=\"elementor-widget-container\">\n\t\t\t        <div class=\"surince-menu-wrap\">\r\n            <nav class=\"surince-menu\">\r\n                <ul id=\"menu-69dd389111e84\" class=\"menu\"><li id=\"menu-item-8373\" class=\"menu-item menu-item-type-post_type menu-item-object-service menu-item-8373\"><a href=\"https:\/\/vigilanciaemsaude.recife.pe.gov.br\/cievs\/blog\/doenca\/unidade-de-resposta-rapida\/\"><span>Unidade de Resposta R\u00e1pida<\/span><\/a><\/li>\n<\/ul>            <\/nav>\r\n        <\/div>\r\n        \t\t<\/div>\n\t\t\t\t<\/div>\n\t\t\t\t<div class=\"elementor-element elementor-element-5e9ef54 elementor-widget elementor-widget-spacer\" data-id=\"5e9ef54\" data-element_type=\"widget\" data-settings=\"{&quot;ekit_we_effect_on&quot;:&quot;none&quot;}\" data-widget_type=\"spacer.default\">\n\t\t\t\t<div class=\"elementor-widget-container\">\n\t\t\t\t\t<div class=\"elementor-spacer\">\n\t\t\t<div class=\"elementor-spacer-inner\"><\/div>\n\t\t<\/div>\n\t\t\t\t<\/div>\n\t\t\t\t<\/div>\n\t\t\t\t\t<\/div>\n\t\t<\/div>\n\t\t\t\t\t<\/div>\n\t\t<\/section>\n\t\t<div class=\"elementor-element elementor-element-6ef4823 e-con-full e-flex e-con e-parent\" data-id=\"6ef4823\" data-element_type=\"container\">\n\t\t\t\t<\/div>\n\t\t\t\t<\/div>\n\t\t","protected":false},"excerpt":{"rendered":"<p>Acesse as informa\u00e7\u00f5es U Unidade de Resposta R\u00e1pida<\/p>\n","protected":false},"author":19,"featured_media":0,"parent":0,"menu_order":0,"comment_status":"closed","ping_status":"closed","template":"","meta":{"footnotes":""},"class_list":["post-8381","page","type-page","status-publish","hentry"],"_links":{"self":[{"href":"https:\/\/vigilanciaemsaude.recife.pe.gov.br\/cievs\/wp-json\/wp\/v2\/pages\/8381","targetHints":{"allow":["GET"]}}],"collection":[{"href":"https:\/\/vigilanciaemsaude.recife.pe.gov.br\/cievs\/wp-json\/wp\/v2\/pages"}],"about":[{"href":"https:\/\/vigilanciaemsaude.recife.pe.gov.br\/cievs\/wp-json\/wp\/v2\/types\/page"}],"author":[{"embeddable":true,"href":"https:\/\/vigilanciaemsaude.recife.pe.gov.br\/cievs\/wp-json\/wp\/v2\/users\/19"}],"replies":[{"embeddable":true,"href":"https:\/\/vigilanciaemsaude.recife.pe.gov.br\/cievs\/wp-json\/wp\/v2\/comments?post=8381"}],"version-history":[{"count":4,"href":"https:\/\/vigilanciaemsaude.recife.pe.gov.br\/cievs\/wp-json\/wp\/v2\/pages\/8381\/revisions"}],"predecessor-version":[{"id":8385,"href":"https:\/\/vigilanciaemsaude.recife.pe.gov.br\/cievs\/wp-json\/wp\/v2\/pages\/8381\/revisions\/8385"}],"wp:attachment":[{"href":"https:\/\/vigilanciaemsaude.recife.pe.gov.br\/cievs\/wp-json\/wp\/v2\/media?parent=8381"}],"curies":[{"name":"wp","href":"https:\/\/api.w.org\/{rel}","templated":true}]}}