{"id":7297,"date":"2025-01-28T18:00:47","date_gmt":"2025-01-28T18:00:47","guid":{"rendered":"https:\/\/vigilanciaemsaude.recife.pe.gov.br\/cievs\/vigilancia-c-copy-copy\/"},"modified":"2025-04-09T19:20:38","modified_gmt":"2025-04-09T19:20:38","slug":"fichas-de-notificacao","status":"publish","type":"page","link":"https:\/\/vigilanciaemsaude.recife.pe.gov.br\/cievs\/fichas-de-notificacao\/","title":{"rendered":"Fichas de notifica\u00e7\u00e3o"},"content":{"rendered":"\t\t<div data-elementor-type=\"wp-page\" data-elementor-id=\"7297\" class=\"elementor elementor-7297\" data-elementor-post-type=\"page\">\n\t\t\t\t\t\t<section class=\"elementor-section elementor-top-section elementor-element elementor-element-c0caaab elementor-section-stretched elementor-section-height-full elementor-section-boxed elementor-section-height-default elementor-section-items-middle\" data-id=\"c0caaab\" data-element_type=\"section\" data-settings=\"{&quot;stretch_section&quot;:&quot;section-stretched&quot;,&quot;background_background&quot;:&quot;classic&quot;}\">\n\t\t\t\t\t\t<div class=\"elementor-container elementor-column-gap-default\">\n\t\t\t\t\t<div class=\"elementor-column elementor-col-100 elementor-top-column elementor-element elementor-element-1794a6c\" data-id=\"1794a6c\" data-element_type=\"column\">\n\t\t\t<div class=\"elementor-widget-wrap elementor-element-populated\">\n\t\t\t\t\t\t<section class=\"elementor-section elementor-inner-section elementor-element elementor-element-9dd6f50 elementor-section-full_width elementor-section-height-default elementor-section-height-default\" data-id=\"9dd6f50\" data-element_type=\"section\">\n\t\t\t\t\t\t<div class=\"elementor-container elementor-column-gap-default\">\n\t\t\t\t\t<div class=\"elementor-column elementor-col-100 elementor-inner-column elementor-element elementor-element-9d65d1e\" data-id=\"9d65d1e\" data-element_type=\"column\">\n\t\t\t<div class=\"elementor-widget-wrap\">\n\t\t\t\t\t\t\t<\/div>\n\t\t<\/div>\n\t\t\t\t\t<\/div>\n\t\t<\/section>\n\t\t\t\t<div class=\"elementor-element elementor-element-eece3bb elementor-widget elementor-widget-spacer\" data-id=\"eece3bb\" data-element_type=\"widget\" data-settings=\"{&quot;ekit_we_effect_on&quot;:&quot;none&quot;}\" data-widget_type=\"spacer.default\">\n\t\t\t\t<div class=\"elementor-widget-container\">\n\t\t\t\t\t<div class=\"elementor-spacer\">\n\t\t\t<div class=\"elementor-spacer-inner\"><\/div>\n\t\t<\/div>\n\t\t\t\t<\/div>\n\t\t\t\t<\/div>\n\t\t\t\t<div class=\"elementor-element elementor-element-247a4de image-width-auto elementor-widget__width-initial elementor-absolute overflow-hidden elementor-widget elementor-widget-mae-gallery-stack\" data-id=\"247a4de\" data-element_type=\"widget\" data-settings=\"{&quot;_position&quot;:&quot;absolute&quot;,&quot;ekit_we_effect_on&quot;:&quot;none&quot;}\" data-widget_type=\"mae-gallery-stack.default\">\n\t\t\t\t<div class=\"elementor-widget-container\">\n\t\t\t\t\t<div class=\"master-gallery-stack\">\n\t\t\t<div class=\"master-fancy-image elementor-repeater-item-92a578e \" data-top=\"0px\" data-calcHeight=\"no\">\n\t\t\t\t\t\t\t\t\t\t<div class=\"image-wrap\"><\/div>\n\t\t\t\t\t\t\t\t\t<\/div><div class=\"master-fancy-image elementor-repeater-item-de9f304 fix-bottom\" data-top=\"0px\" data-calcHeight=\"no\">\n\t\t\t\t\t\t\t\t\t\t<div class=\"image-wrap\"><\/div>\n\t\t\t\t\t\t\t\t\t<\/div><div class=\"master-shape elementor-repeater-item-7a0b70b custom-grad\" data-calcHeight=\"no\"><\/div>\t\t<\/div>\n\t    \t\t<\/div>\n\t\t\t\t<\/div>\n\t\t\t\t<section class=\"elementor-section elementor-inner-section elementor-element elementor-element-53439bb elementor-section-full_width elementor-section-height-default elementor-section-height-default\" data-id=\"53439bb\" data-element_type=\"section\">\n\t\t\t\t\t\t<div class=\"elementor-container elementor-column-gap-default\">\n\t\t\t\t\t<div class=\"elementor-column elementor-col-100 elementor-inner-column elementor-element elementor-element-e8f8936\" data-id=\"e8f8936\" data-element_type=\"column\">\n\t\t\t<div class=\"elementor-widget-wrap elementor-element-populated\">\n\t\t\t\t\t\t<div class=\"elementor-element elementor-element-344e5b1 elementor-widget elementor-widget-wpdmcategory\" data-id=\"344e5b1\" data-element_type=\"widget\" data-settings=\"{&quot;ekit_we_effect_on&quot;:&quot;none&quot;}\" data-widget_type=\"wpdmcategory.default\">\n\t\t\t\t<div class=\"elementor-widget-container\">\n\t\t\t<div class='w3eden'>\n    <div class=''>\n\n        \n        <div id=\"content_wpdm_package_1\">\n            <div class='row'><div class='col-lg-12 col-md-6 col-12'><!-- WPDM Link Template: Default Template ( Compact ) -->\n\n<div class=\"link-template-default card mb-2\">\n    <div class=\"card-body\">\n        <div class=\"media\">\n            <div class=\"mr-3 img-48\"><img decoding=\"async\" class=\"wpdm_icon\" alt=\"\u00edcone\" src=\"https:\/\/vigilanciaemsaude.recife.pe.gov.br\/cievs\/wp-content\/plugins\/download-manager\/assets\/file-type-icons\/web.svg\" \/><\/div>\n            <div class=\"media-body\">\n                <h3 class=\"package-title\">Acidente de Trabalho - Ficha de notifica\u00e7\u00e3o<\/h3>\n                <div class=\"text-muted text-small\"><i class=\"fas fa-copy\"><\/i> 1  arquivo(s) <i class=\"fas fa-hdd ml-3\"><\/i> 0.00 KB<\/div>\n            <\/div>\n            <div class=\"ml-3\">\n                <a class='wpdm-download-link download-on-click btn btn-primary ' rel='nofollow' href='#' data-downloadurl=\"https:\/\/vigilanciaemsaude.recife.pe.gov.br\/cievs\/download\/ficha-de-notificacao-acidende-de-trabalho\/?wpdmdl=8895&refresh=69dcc3c0b5c2a1776075712\">Baixar<\/a>\n            <\/div>\n        <\/div>\n    <\/div>\n<\/div>\n\n<\/div><div class='col-lg-12 col-md-6 col-12'><!-- WPDM Link Template: Default Template ( Compact ) -->\n\n<div class=\"link-template-default card mb-2\">\n    <div class=\"card-body\">\n        <div class=\"media\">\n            <div class=\"mr-3 img-48\"><img decoding=\"async\" class=\"wpdm_icon\" alt=\"\u00edcone\" src=\"https:\/\/vigilanciaemsaude.recife.pe.gov.br\/cievs\/wp-content\/plugins\/download-manager\/assets\/file-type-icons\/web.svg\" \/><\/div>\n            <div class=\"media-body\">\n                <h3 class=\"package-title\">Acidente por Animais Pe\u00e7onhentos - Ficha de notifica\u00e7\u00e3o<\/h3>\n                <div class=\"text-muted text-small\"><i class=\"fas fa-copy\"><\/i> 1  arquivo(s) <i class=\"fas fa-hdd ml-3\"><\/i> 0.00 KB<\/div>\n            <\/div>\n            <div class=\"ml-3\">\n                <a class='wpdm-download-link download-on-click btn btn-primary ' rel='nofollow' href='#' data-downloadurl=\"https:\/\/vigilanciaemsaude.recife.pe.gov.br\/cievs\/download\/ficha-de-notificacao-acidentes-por-animais-peconhentos\/?wpdmdl=8896&refresh=69dcc3c0bb3bc1776075712\">Baixar<\/a>\n            <\/div>\n        <\/div>\n    <\/div>\n<\/div>\n\n<\/div><div class='col-lg-12 col-md-6 col-12'><!-- WPDM Link Template: Default Template ( Compact ) -->\n\n<div class=\"link-template-default card mb-2\">\n    <div class=\"card-body\">\n        <div class=\"media\">\n            <div class=\"mr-3 img-48\"><img decoding=\"async\" class=\"wpdm_icon\" alt=\"\u00edcone\" src=\"https:\/\/vigilanciaemsaude.recife.pe.gov.br\/cievs\/wp-content\/plugins\/download-manager\/assets\/file-type-icons\/web.svg\" \/><\/div>\n            <div class=\"media-body\">\n                <h3 class=\"package-title\">AIDS - Ficha de notifica\u00e7\u00e3o<\/h3>\n                <div class=\"text-muted text-small\"><i class=\"fas fa-copy\"><\/i> 1  arquivo(s) <i class=\"fas fa-hdd ml-3\"><\/i> 0.00 KB<\/div>\n            <\/div>\n            <div class=\"ml-3\">\n                <a class='wpdm-download-link download-on-click btn btn-primary ' rel='nofollow' href='#' data-downloadurl=\"https:\/\/vigilanciaemsaude.recife.pe.gov.br\/cievs\/download\/ficha-de-notificacao-aids\/?wpdmdl=8897&refresh=69dcc3c0bf6fc1776075712\">Baixar<\/a>\n            <\/div>\n        <\/div>\n    <\/div>\n<\/div>\n\n<\/div><div class='col-lg-12 col-md-6 col-12'><!-- WPDM Link Template: Default Template ( Compact ) -->\n\n<div class=\"link-template-default card mb-2\">\n    <div class=\"card-body\">\n        <div class=\"media\">\n            <div class=\"mr-3 img-48\"><img decoding=\"async\" class=\"wpdm_icon\" alt=\"\u00edcone\" src=\"https:\/\/vigilanciaemsaude.recife.pe.gov.br\/cievs\/wp-content\/plugins\/download-manager\/assets\/file-type-icons\/web.svg\" \/><\/div>\n            <div class=\"media-body\">\n                <h3 class=\"package-title\">Atendimento Antirr\u00e1bico - Ficha de notifica\u00e7\u00e3o<\/h3>\n                <div class=\"text-muted text-small\"><i class=\"fas fa-copy\"><\/i> 1  arquivo(s) <i class=\"fas fa-hdd ml-3\"><\/i> 0.00 KB<\/div>\n            <\/div>\n            <div class=\"ml-3\">\n                <a class='wpdm-download-link download-on-click btn btn-primary ' rel='nofollow' href='#' data-downloadurl=\"https:\/\/vigilanciaemsaude.recife.pe.gov.br\/cievs\/download\/ficha-de-notificacao-atendimento-anti-rabico-humano\/?wpdmdl=8898&refresh=69dcc3c0c31531776075712\">Baixar<\/a>\n            <\/div>\n        <\/div>\n    <\/div>\n<\/div>\n\n<\/div><div class='col-lg-12 col-md-6 col-12'><!-- WPDM Link Template: Default Template ( Compact ) -->\n\n<div class=\"link-template-default card mb-2\">\n    <div class=\"card-body\">\n        <div class=\"media\">\n            <div class=\"mr-3 img-48\"><img decoding=\"async\" class=\"wpdm_icon\" alt=\"\u00edcone\" src=\"https:\/\/vigilanciaemsaude.recife.pe.gov.br\/cievs\/wp-content\/plugins\/download-manager\/assets\/file-type-icons\/web.svg\" \/><\/div>\n            <div class=\"media-body\">\n                <h3 class=\"package-title\">Botulismo - Ficha de notifica\u00e7\u00e3o<\/h3>\n                <div class=\"text-muted text-small\"><i class=\"fas fa-copy\"><\/i> 1  arquivo(s) <i class=\"fas fa-hdd ml-3\"><\/i> 0.00 KB<\/div>\n            <\/div>\n            <div class=\"ml-3\">\n                <a class='wpdm-download-link download-on-click btn btn-primary ' rel='nofollow' href='#' data-downloadurl=\"https:\/\/vigilanciaemsaude.recife.pe.gov.br\/cievs\/download\/ficha-de-notificacao-botulismo\/?wpdmdl=8900&refresh=69dcc3c0c66691776075712\">Baixar<\/a>\n            <\/div>\n        <\/div>\n    <\/div>\n<\/div>\n\n<\/div><div class='col-lg-12 col-md-6 col-12'><!-- WPDM Link Template: Default Template ( Compact ) -->\n\n<div class=\"link-template-default card mb-2\">\n    <div class=\"card-body\">\n        <div class=\"media\">\n            <div class=\"mr-3 img-48\"><img decoding=\"async\" class=\"wpdm_icon\" alt=\"\u00edcone\" src=\"https:\/\/vigilanciaemsaude.recife.pe.gov.br\/cievs\/wp-content\/plugins\/download-manager\/assets\/file-type-icons\/web.svg\" \/><\/div>\n            <div class=\"media-body\">\n                <h3 class=\"package-title\">C\u00f3lera - Ficha de notifica\u00e7\u00e3o<\/h3>\n                <div class=\"text-muted text-small\"><i class=\"fas fa-copy\"><\/i> 1  arquivo(s) <i class=\"fas fa-hdd ml-3\"><\/i> 0.00 KB<\/div>\n            <\/div>\n            <div class=\"ml-3\">\n                <a class='wpdm-download-link download-on-click btn btn-primary ' rel='nofollow' href='#' data-downloadurl=\"https:\/\/vigilanciaemsaude.recife.pe.gov.br\/cievs\/download\/ficha-de-notificacao-colera\/?wpdmdl=8901&refresh=69dcc3c0cb8851776075712\">Baixar<\/a>\n            <\/div>\n        <\/div>\n    <\/div>\n<\/div>\n\n<\/div><div class='col-lg-12 col-md-6 col-12'><!-- WPDM Link Template: Default Template ( Compact ) -->\n\n<div class=\"link-template-default card mb-2\">\n    <div class=\"card-body\">\n        <div class=\"media\">\n            <div class=\"mr-3 img-48\"><img decoding=\"async\" class=\"wpdm_icon\" alt=\"\u00edcone\" src=\"https:\/\/vigilanciaemsaude.recife.pe.gov.br\/cievs\/wp-content\/plugins\/download-manager\/assets\/file-type-icons\/web.svg\" \/><\/div>\n            <div class=\"media-body\">\n                <h3 class=\"package-title\">Coqueluche - Ficha de notifica\u00e7\u00e3o<\/h3>\n                <div class=\"text-muted text-small\"><i class=\"fas fa-copy\"><\/i> 1  arquivo(s) <i class=\"fas fa-hdd ml-3\"><\/i> 0.00 KB<\/div>\n            <\/div>\n            <div class=\"ml-3\">\n                <a class='wpdm-download-link download-on-click btn btn-primary ' rel='nofollow' href='#' data-downloadurl=\"https:\/\/vigilanciaemsaude.recife.pe.gov.br\/cievs\/download\/ficha-de-notificacao-coqueluche\/?wpdmdl=8902&refresh=69dcc3c0cf8c91776075712\">Baixar<\/a>\n            <\/div>\n        <\/div>\n    <\/div>\n<\/div>\n\n<\/div><div class='col-lg-12 col-md-6 col-12'><!-- WPDM Link Template: Default Template ( Compact ) -->\n\n<div class=\"link-template-default card mb-2\">\n    <div class=\"card-body\">\n        <div class=\"media\">\n            <div class=\"mr-3 img-48\"><img decoding=\"async\" class=\"wpdm_icon\" alt=\"\u00edcone\" src=\"data:image\/svg+xml;base64,ICAgICAgICAgICAgPHN2ZyBpZD0iTGF5ZXJfNjlkY2MzYzBkM2RjMyIgc3R5bGU9ImVuYWJsZS1iYWNrZ3JvdW5kOm5ldyAwIDAgNTEyIDUxMjsiIHZlcnNpb249IjEuMSIgdmlld0JveD0iMCAwIDUxMiA1MTIiCiAgICAgICAgICAgICAgICAgeG1sOnNwYWNlPSJwcmVzZXJ2ZSIgeG1sbnM9Imh0dHA6Ly93d3cudzMub3JnLzIwMDAvc3ZnIiB4bWxuczp4bGluaz0iaHR0cDovL3d3dy53My5vcmcvMTk5OS94bGluayI+PHN0eWxlCiAgICAgICAgICAgICAgICAgICAgICAgIHR5cGU9InRleHQvY3NzIj4KICAgICAgICAgICAgICAgICAgICAuc3RfNjlkY2MzYzBkM2RjM18wIHsKICAgICAgICAgICAgICAgICAgICAgICAgZmlsbDogcmdiYSgzOCwgMTU3LCAyMzksIDAuMyk7CiAgICAgICAgICAgICAgICAgICAgfQoKICAgICAgICAgICAgICAgICAgICAuc3RfNjlkY2MzYzBkM2RjM18xIHsKICAgICAgICAgICAgICAgICAgICAgICAgZmlsbDogcmdiYSgzOCwgMTU3LCAyMzksIDAuOSk7CiAgICAgICAgICAgICAgICAgICAgfQoKICAgICAgICAgICAgICAgICAgICAuc3RfNjlkY2MzYzBkM2RjM18yIHsKICAgICAgICAgICAgICAgICAgICAgICAgZmlsbDogIzI2OWRlZjsKICAgICAgICAgICAgICAgICAgICB9CgogICAgICAgICAgICAgICAgICAgIC5zdF82OWRjYzNjMGQzZGMzXzMgewogICAgICAgICAgICAgICAgICAgICAgICBmaWxsOiAjRkZGRkZGOwogICAgICAgICAgICAgICAgICAgIH0KICAgICAgICAgICAgICAgIDwvc3R5bGU+CiAgICAgICAgICAgICAgICA8ZyBpZD0iWE1MSURfMTY4XyI+CiAgICAgICAgICAgICAgICAgICAgPGcgaWQ9IlhNTElEXzgzXyI+CiAgICAgICAgICAgICAgICAgICAgICAgIDxwb2x5Z29uIGNsYXNzPSJzdF82OWRjYzNjMGQzZGMzXzAiIGlkPSJYTUxJRF84N18iIHBvaW50cz0iMzMwLjcsNiA4Ny45LDYgODcuOSw1MDYgNDQ5LjIsNTA2IDQ0OS4yLDEyMi44ICAgIi8+CiAgICAgICAgICAgICAgICAgICAgICAgIDxwb2x5Z29uIGNsYXNzPSJzdF82OWRjYzNjMGQzZGMzXzEiIGlkPSJYTUxJRF84Nl8iIHBvaW50cz0iMzMwLjcsNiA0NDkuMiwxMjIuOCAzMzAuNywxMjIuOCAgICIvPgogICAgICAgICAgICAgICAgICAgICAgICA8cmVjdCBjbGFzcz0ic3RfNjlkY2MzYzBkM2RjM18xIiBoZWlnaHQ9IjE1Ni4xIiBpZD0iWE1MSURfODVfIiB3aWR0aD0iMzI5IiB4PSI2Mi44IiB5PSIyOTguOCIvPgogICAgICAgICAgICAgICAgICAgICAgICA8cG9seWdvbiBjbGFzcz0ic3RfNjlkY2MzYzBkM2RjM18yIiBpZD0iWE1MSURfODRfIiBwb2ludHM9IjYyLjgsNDU0LjkgODcuOSw0NzYuMSA4Ny45LDQ1NC45ICAgIi8+CiAgICAgICAgICAgICAgICAgICAgPC9nPgogICAgICAgICAgICAgICAgICAgIDxnIHhtbG5zPSJodHRwOi8vd3d3LnczLm9yZy8yMDAwL3N2ZyIgaWQ9IlhNTElEXzMxMTNfIj4KICAgICAgICAgICAgICAgICAgICAgICAgPHRleHQgeD0iMjAlIiBmaWxsPSJ3aGl0ZSIgc3R5bGU9ImZvbnQtZmFtaWx5OiBzYW5zLXNlcmlmO2ZvbnQtc2l6ZTogNzI1JTtmb250LXdlaWdodDogYm9sZDsiCiAgICAgICAgICAgICAgICAgICAgICAgICAgICAgIHk9IjgyJSI+PC90ZXh0PgogICAgICAgICAgICAgICAgICAgIDwvZz4KICAgICAgICAgICAgICAgIDwvZz4KICAgICAgICA8L3N2Zz4KICAgICAgICAgICAg\" \/><\/div>\n            <div class=\"media-body\">\n                <h3 class=\"package-title\">Crian\u00e7a Exposta ao HIV - Ficha de notifica\u00e7\u00e3o<\/h3>\n                <div class=\"text-muted text-small\"><i class=\"fas fa-copy\"><\/i> 1  arquivo(s) <i class=\"fas fa-hdd ml-3\"><\/i> 4.00 KB<\/div>\n            <\/div>\n            <div class=\"ml-3\">\n                <a class='wpdm-download-link download-on-click btn btn-primary ' rel='nofollow' href='#' data-downloadurl=\"https:\/\/vigilanciaemsaude.recife.pe.gov.br\/cievs\/download\/ficha-de-notificacao-crianca-exposta-ao-hiv\/?wpdmdl=8903&refresh=69dcc3c0d3e251776075712\">Baixar<\/a>\n            <\/div>\n        <\/div>\n    <\/div>\n<\/div>\n\n<\/div><div class='col-lg-12 col-md-6 col-12'><!-- WPDM Link Template: Default Template ( Compact ) -->\n\n<div class=\"link-template-default card mb-2\">\n    <div class=\"card-body\">\n        <div class=\"media\">\n            <div class=\"mr-3 img-48\"><img decoding=\"async\" class=\"wpdm_icon\" alt=\"\u00edcone\" src=\"https:\/\/vigilanciaemsaude.recife.pe.gov.br\/cievs\/wp-content\/plugins\/download-manager\/assets\/file-type-icons\/web.svg\" \/><\/div>\n            <div class=\"media-body\">\n                <h3 class=\"package-title\">Dengue - Ficha de notifica\u00e7\u00e3o<\/h3>\n                <div class=\"text-muted text-small\"><i class=\"fas fa-copy\"><\/i> 1  arquivo(s) <i class=\"fas fa-hdd ml-3\"><\/i> 0.00 KB<\/div>\n            <\/div>\n            <div class=\"ml-3\">\n                <a class='wpdm-download-link download-on-click btn btn-primary ' rel='nofollow' href='#' data-downloadurl=\"https:\/\/vigilanciaemsaude.recife.pe.gov.br\/cievs\/download\/ficha-de-notificacao-dengue\/?wpdmdl=8904&refresh=69dcc3c0d813e1776075712\">Baixar<\/a>\n            <\/div>\n        <\/div>\n    <\/div>\n<\/div>\n\n<\/div><div class='col-lg-12 col-md-6 col-12'><!-- WPDM Link Template: Default Template ( Compact ) -->\n\n<div class=\"link-template-default card mb-2\">\n    <div class=\"card-body\">\n        <div class=\"media\">\n            <div class=\"mr-3 img-48\"><img decoding=\"async\" class=\"wpdm_icon\" alt=\"\u00edcone\" src=\"https:\/\/vigilanciaemsaude.recife.pe.gov.br\/cievs\/wp-content\/plugins\/download-manager\/assets\/file-type-icons\/web.svg\" \/><\/div>\n            <div class=\"media-body\">\n                <h3 class=\"package-title\">Chikungunya - Ficha de notifica\u00e7\u00e3o<\/h3>\n                <div class=\"text-muted text-small\"><i class=\"fas fa-copy\"><\/i> 1  arquivo(s) <i class=\"fas fa-hdd ml-3\"><\/i> 0.00 KB<\/div>\n            <\/div>\n            <div class=\"ml-3\">\n                <a class='wpdm-download-link download-on-click btn btn-primary ' rel='nofollow' href='#' data-downloadurl=\"https:\/\/vigilanciaemsaude.recife.pe.gov.br\/cievs\/download\/ficha-de-notificacao-chikungunya\/?wpdmdl=8905&refresh=69dcc3c0dd10c1776075712\">Baixar<\/a>\n            <\/div>\n        <\/div>\n    <\/div>\n<\/div>\n\n<\/div><\/div>            <div style='clear:both'><\/div><div class='text-center'><ul class='pagination wpdm-pagination pagination-centered text-center'><li><span aria-current=\"page\" class=\"page-numbers current\">1<\/span><\/li><li><a data-container='#content_wpdm_package_1' class=\"page-numbers\" href=\"https:\/\/vigilanciaemsaude.recife.pe.gov.br\/cievs\/wp-json\/wp\/v2\/pages\/7297\/?cp=2\">2<\/a><\/li><li><a data-container='#content_wpdm_package_1' class=\"page-numbers\" href=\"https:\/\/vigilanciaemsaude.recife.pe.gov.br\/cievs\/wp-json\/wp\/v2\/pages\/7297\/?cp=3\">3<\/a><\/li><li><span class=\"page-numbers dots\">&hellip;<\/span><\/li><li><a data-container='#content_wpdm_package_1' class=\"page-numbers\" href=\"https:\/\/vigilanciaemsaude.recife.pe.gov.br\/cievs\/wp-json\/wp\/v2\/pages\/7297\/?cp=5\">5<\/a><\/li><li><a data-container='#content_wpdm_package_1' class=\"page-numbers\" href=\"https:\/\/vigilanciaemsaude.recife.pe.gov.br\/cievs\/wp-json\/wp\/v2\/pages\/7297\/?cp=6\">6<\/a><\/li><li><a data-container='#content_wpdm_package_1' class=\"next page-numbers\" href=\"https:\/\/vigilanciaemsaude.recife.pe.gov.br\/cievs\/wp-json\/wp\/v2\/pages\/7297\/?cp=2\"> <i style=\"display: inline-block;width: 8px;height: 8px;border-right: 2px solid;border-top: 2px solid;transform: rotate(45deg);margin-left: -2px;margin-top: -2px;\"><\/i> <\/a><\/li><\/ul><\/div><div style='clear:both'><\/div>        <\/div>\n\n        <div style='clear:both'><\/div>\n    <\/div>\n<\/div>\n\t\t<\/div>\n\t\t\t\t<\/div>\n\t\t\t\t\t<\/div>\n\t\t<\/div>\n\t\t\t\t\t<\/div>\n\t\t<\/section>\n\t\t\t\t\t<\/div>\n\t\t<\/div>\n\t\t\t\t\t<\/div>\n\t\t<\/section>\n\t\t\t\t<\/div>\n\t\t","protected":false},"excerpt":{"rendered":"<p>arquivo teste 08-04-2025 1 arquivo(s) 0.00 KB Baixar Ficha de notifica\u00e7\u00e3o &#8211; Caxumba 1 arquivo(s) 0.00 KB Baixar Ficha de notifica\u00e7\u00e3o &#8211; Acidente de Trabalho com Material Biol\u00f3gico 1 arquivo(s) 4.00 KB Baixar Ficha de notifica\u00e7\u00e3o &#8211; Acidende de Trabalho 1 arquivo(s) 0.00 KB Baixar Ficha de notifica\u00e7\u00e3o &#8211; Acidentes<\/p>\n","protected":false},"author":1,"featured_media":0,"parent":0,"menu_order":0,"comment_status":"closed","ping_status":"closed","template":"","meta":{"footnotes":""},"class_list":["post-7297","page","type-page","status-publish","hentry"],"_links":{"self":[{"href":"https:\/\/vigilanciaemsaude.recife.pe.gov.br\/cievs\/wp-json\/wp\/v2\/pages\/7297","targetHints":{"allow":["GET"]}}],"collection":[{"href":"https:\/\/vigilanciaemsaude.recife.pe.gov.br\/cievs\/wp-json\/wp\/v2\/pages"}],"about":[{"href":"https:\/\/vigilanciaemsaude.recife.pe.gov.br\/cievs\/wp-json\/wp\/v2\/types\/page"}],"author":[{"embeddable":true,"href":"https:\/\/vigilanciaemsaude.recife.pe.gov.br\/cievs\/wp-json\/wp\/v2\/users\/1"}],"replies":[{"embeddable":true,"href":"https:\/\/vigilanciaemsaude.recife.pe.gov.br\/cievs\/wp-json\/wp\/v2\/comments?post=7297"}],"version-history":[{"count":37,"href":"https:\/\/vigilanciaemsaude.recife.pe.gov.br\/cievs\/wp-json\/wp\/v2\/pages\/7297\/revisions"}],"predecessor-version":[{"id":9001,"href":"https:\/\/vigilanciaemsaude.recife.pe.gov.br\/cievs\/wp-json\/wp\/v2\/pages\/7297\/revisions\/9001"}],"wp:attachment":[{"href":"https:\/\/vigilanciaemsaude.recife.pe.gov.br\/cievs\/wp-json\/wp\/v2\/media?parent=7297"}],"curies":[{"name":"wp","href":"https:\/\/api.w.org\/{rel}","templated":true}]}}