{"id":7101,"date":"2025-01-27T18:41:20","date_gmt":"2025-01-27T18:41:20","guid":{"rendered":"https:\/\/vigilanciaemsaude.recife.pe.gov.br\/cievs\/vigilancia-c-copy-copy\/"},"modified":"2025-02-03T12:52:45","modified_gmt":"2025-02-03T12:52:45","slug":"vigilancia-c","status":"publish","type":"page","link":"https:\/\/vigilanciaemsaude.recife.pe.gov.br\/cievs\/vigilancia-c\/","title":{"rendered":"Vigil\u00e2ncia C"},"content":{"rendered":"\t\t<div data-elementor-type=\"wp-page\" data-elementor-id=\"7101\" class=\"elementor elementor-7101\" data-elementor-post-type=\"page\">\n\t\t\t\t<div class=\"elementor-element elementor-element-2b125b25 e-con-full e-flex e-con e-parent\" data-id=\"2b125b25\" data-element_type=\"container\">\n\t\t<div class=\"elementor-element elementor-element-4ddf009a e-flex e-con-boxed e-con e-child\" data-id=\"4ddf009a\" data-element_type=\"container\">\n\t\t\t\t\t<div class=\"e-con-inner\">\n\t\t\t\t<div class=\"elementor-element elementor-element-ba241af elementor-widget elementor-widget-spacer\" data-id=\"ba241af\" data-element_type=\"widget\" data-settings=\"{&quot;ekit_we_effect_on&quot;:&quot;none&quot;}\" data-widget_type=\"spacer.default\">\n\t\t\t\t<div class=\"elementor-widget-container\">\n\t\t\t\t\t<div class=\"elementor-spacer\">\n\t\t\t<div class=\"elementor-spacer-inner\"><\/div>\n\t\t<\/div>\n\t\t\t\t<\/div>\n\t\t\t\t<\/div>\n\t\t\t\t<div class=\"elementor-element elementor-element-2ff10ac2 align-center heading-default elementor-widget elementor-widget-mae-headings\" data-id=\"2ff10ac2\" data-element_type=\"widget\" data-settings=\"{&quot;ekit_we_effect_on&quot;:&quot;none&quot;}\" data-widget_type=\"mae-headings.default\">\n\t\t\t\t<div class=\"elementor-widget-container\">\n\t\t\t\t\t<div class=\"master-heading sep-none\">\n\t\t\t\t\t\t\t        \n\t        \n\t        \t        <h2 class=\"main-heading\">Acesse as informa\u00e7\u00f5es<\/h2>\n\t        \n\t        \n\t        \t            <div class=\"sub-heading\">C<\/div>\n\t        \t    <\/div>\n\t    \t\t<\/div>\n\t\t\t\t<\/div>\n\t\t\t\t<div class=\"elementor-element elementor-element-56fea73b menu-vertical elementor-widget elementor-widget-mae-menu\" data-id=\"56fea73b\" data-element_type=\"widget\" data-settings=\"{&quot;ekit_we_effect_on&quot;:&quot;none&quot;}\" data-widget_type=\"mae-menu.default\">\n\t\t\t\t<div class=\"elementor-widget-container\">\n\t\t\t        <div class=\"surince-menu-wrap\">\r\n            <nav class=\"surince-menu\">\r\n                <ul id=\"menu-69dd219505706\" class=\"menu\"><li id=\"menu-item-7343\" class=\"menu-item menu-item-type-post_type menu-item-object-service menu-item-7343\"><a href=\"https:\/\/vigilanciaemsaude.recife.pe.gov.br\/cievs\/blog\/doenca\/cancer\/\"><span>C\u00e2ncer<\/span><\/a><\/li>\n<li id=\"menu-item-7344\" class=\"menu-item menu-item-type-post_type menu-item-object-service menu-item-7344\"><a href=\"https:\/\/vigilanciaemsaude.recife.pe.gov.br\/cievs\/blog\/doenca\/caxumba\/\"><span>Caxumba<\/span><\/a><\/li>\n<li id=\"menu-item-7345\" class=\"menu-item menu-item-type-post_type menu-item-object-service menu-item-7345\"><a href=\"https:\/\/vigilanciaemsaude.recife.pe.gov.br\/cievs\/blog\/doenca\/centro-de-informacoes-estrategicas-em-vigilancia-em-saude\/\"><span>Centro de Informa\u00e7\u00f5es Estrat\u00e9gicas em Vigil\u00e2ncia em Sa\u00fade<\/span><\/a><\/li>\n<li id=\"menu-item-8047\" class=\"menu-item menu-item-type-post_type menu-item-object-service menu-item-8047\"><a href=\"https:\/\/vigilanciaemsaude.recife.pe.gov.br\/cievs\/blog\/doenca\/chikungunya\/\"><span>Chikungunya<\/span><\/a><\/li>\n<li id=\"menu-item-8077\" class=\"menu-item menu-item-type-post_type menu-item-object-service menu-item-8077\"><a href=\"https:\/\/vigilanciaemsaude.recife.pe.gov.br\/cievs\/blog\/doenca\/colera\/\"><span>C\u00f3lera<\/span><\/a><\/li>\n<li id=\"menu-item-8078\" class=\"menu-item menu-item-type-post_type menu-item-object-service menu-item-8078\"><a href=\"https:\/\/vigilanciaemsaude.recife.pe.gov.br\/cievs\/blog\/doenca\/comite-municipal-de-prevencao-de-acidentes-sinistros-de-transito\/\"><span>Comit\u00ea Municipal de Preven\u00e7\u00e3o de Acidentes (Sinistros) de Tr\u00e2nsito<\/span><\/a><\/li>\n<li id=\"menu-item-8087\" class=\"menu-item menu-item-type-post_type menu-item-object-service menu-item-8087\"><a href=\"https:\/\/vigilanciaemsaude.recife.pe.gov.br\/cievs\/blog\/doenca\/coqueluche\/\"><span>Coqueluche<\/span><\/a><\/li>\n<li id=\"menu-item-8093\" class=\"menu-item menu-item-type-post_type menu-item-object-service menu-item-8093\"><a href=\"https:\/\/vigilanciaemsaude.recife.pe.gov.br\/cievs\/blog\/doenca\/covid-19\/\"><span>Covid \u2013 19<\/span><\/a><\/li>\n<\/ul>            <\/nav>\r\n        <\/div>\r\n        \t\t<\/div>\n\t\t\t\t<\/div>\n\t\t\t\t<div class=\"elementor-element elementor-element-60afa90b elementor-widget elementor-widget-spacer\" data-id=\"60afa90b\" data-element_type=\"widget\" data-settings=\"{&quot;ekit_we_effect_on&quot;:&quot;none&quot;}\" data-widget_type=\"spacer.default\">\n\t\t\t\t<div class=\"elementor-widget-container\">\n\t\t\t\t\t<div class=\"elementor-spacer\">\n\t\t\t<div class=\"elementor-spacer-inner\"><\/div>\n\t\t<\/div>\n\t\t\t\t<\/div>\n\t\t\t\t<\/div>\n\t\t\t\t\t<\/div>\n\t\t\t\t<\/div>\n\t\t\t\t<\/div>\n\t\t\t\t<\/div>\n\t\t","protected":false},"excerpt":{"rendered":"<p>Acesse as informa\u00e7\u00f5es C C\u00e2ncer Caxumba Centro de Informa\u00e7\u00f5es estrat\u00e9gicas em vigil\u00e2ncia em sa\u00fade<\/p>\n","protected":false},"author":1,"featured_media":0,"parent":0,"menu_order":0,"comment_status":"closed","ping_status":"closed","template":"","meta":{"footnotes":""},"class_list":["post-7101","page","type-page","status-publish","hentry"],"_links":{"self":[{"href":"https:\/\/vigilanciaemsaude.recife.pe.gov.br\/cievs\/wp-json\/wp\/v2\/pages\/7101","targetHints":{"allow":["GET"]}}],"collection":[{"href":"https:\/\/vigilanciaemsaude.recife.pe.gov.br\/cievs\/wp-json\/wp\/v2\/pages"}],"about":[{"href":"https:\/\/vigilanciaemsaude.recife.pe.gov.br\/cievs\/wp-json\/wp\/v2\/types\/page"}],"author":[{"embeddable":true,"href":"https:\/\/vigilanciaemsaude.recife.pe.gov.br\/cievs\/wp-json\/wp\/v2\/users\/1"}],"replies":[{"embeddable":true,"href":"https:\/\/vigilanciaemsaude.recife.pe.gov.br\/cievs\/wp-json\/wp\/v2\/comments?post=7101"}],"version-history":[{"count":86,"href":"https:\/\/vigilanciaemsaude.recife.pe.gov.br\/cievs\/wp-json\/wp\/v2\/pages\/7101\/revisions"}],"predecessor-version":[{"id":7639,"href":"https:\/\/vigilanciaemsaude.recife.pe.gov.br\/cievs\/wp-json\/wp\/v2\/pages\/7101\/revisions\/7639"}],"wp:attachment":[{"href":"https:\/\/vigilanciaemsaude.recife.pe.gov.br\/cievs\/wp-json\/wp\/v2\/media?parent=7101"}],"curies":[{"name":"wp","href":"https:\/\/api.w.org\/{rel}","templated":true}]}}