{"id":5904,"date":"2024-12-15T14:24:48","date_gmt":"2024-12-15T14:24:48","guid":{"rendered":"https:\/\/vigilanciaemsaude.recife.pe.gov.br\/cievs\/home-01-copy\/"},"modified":"2025-01-30T13:19:28","modified_gmt":"2025-01-30T13:19:28","slug":"plenarias","status":"publish","type":"page","link":"https:\/\/vigilanciaemsaude.recife.pe.gov.br\/cievs\/plenarias\/","title":{"rendered":"PLEN\u00c1RIAS"},"content":{"rendered":"\t\t<div data-elementor-type=\"wp-page\" data-elementor-id=\"5904\" class=\"elementor elementor-5904\" data-elementor-post-type=\"page\">\n\t\t\t\t\t\t<section class=\"elementor-section elementor-top-section elementor-element elementor-element-51f310b elementor-section-full_width elementor-section-height-default elementor-section-height-default\" data-id=\"51f310b\" data-element_type=\"section\">\n\t\t\t\t\t\t<div class=\"elementor-container elementor-column-gap-no\">\n\t\t\t\t\t<div class=\"elementor-column elementor-col-100 elementor-top-column elementor-element elementor-element-9451262\" data-id=\"9451262\" data-element_type=\"column\">\n\t\t\t<div class=\"elementor-widget-wrap elementor-element-populated\">\n\t\t\t\t\t\t<div class=\"elementor-element elementor-element-a42b66b elementor-widget elementor-widget-spacer\" data-id=\"a42b66b\" data-element_type=\"widget\" data-settings=\"{&quot;ekit_we_effect_on&quot;:&quot;none&quot;}\" data-widget_type=\"spacer.default\">\n\t\t\t\t<div class=\"elementor-widget-container\">\n\t\t\t\t\t<div class=\"elementor-spacer\">\n\t\t\t<div class=\"elementor-spacer-inner\"><\/div>\n\t\t<\/div>\n\t\t\t\t<\/div>\n\t\t\t\t<\/div>\n\t\t\t\t<section class=\"elementor-section elementor-inner-section elementor-element elementor-element-15dac0a elementor-section-boxed elementor-section-height-default elementor-section-height-default\" data-id=\"15dac0a\" data-element_type=\"section\">\n\t\t\t\t\t\t<div class=\"elementor-container elementor-column-gap-default\">\n\t\t\t\t\t<div class=\"elementor-column elementor-col-50 elementor-inner-column elementor-element elementor-element-6b32162\" data-id=\"6b32162\" data-element_type=\"column\">\n\t\t\t<div class=\"elementor-widget-wrap elementor-element-populated\">\n\t\t\t\t\t\t<div class=\"elementor-element elementor-element-eb6ea36 elementor-widget elementor-widget-image\" data-id=\"eb6ea36\" data-element_type=\"widget\" data-settings=\"{&quot;ekit_we_effect_on&quot;:&quot;none&quot;}\" data-widget_type=\"image.default\">\n\t\t\t\t<div class=\"elementor-widget-container\">\n\t\t\t\t\t\t\t\t\t\t\t\t\t<img decoding=\"async\" width=\"95\" height=\"122\" src=\"https:\/\/vigilanciaemsaude.recife.pe.gov.br\/cievs\/wp-content\/uploads\/2024\/12\/favicon-cieves.png\" class=\"attachment-full size-full wp-image-4552\" alt=\"\" \/>\t\t\t\t\t\t\t\t\t\t\t\t\t<\/div>\n\t\t\t\t<\/div>\n\t\t\t\t<div class=\"elementor-element elementor-element-62445dc heading-default elementor-widget elementor-widget-mae-headings\" data-id=\"62445dc\" data-element_type=\"widget\" data-settings=\"{&quot;ekit_we_effect_on&quot;:&quot;none&quot;}\" data-widget_type=\"mae-headings.default\">\n\t\t\t\t<div class=\"elementor-widget-container\">\n\t\t\t\t\t<div class=\"master-heading sep-none\">\n\t\t\t\t\t\t\t        \n\t        \n\t        \t        <h2 class=\"main-heading\">Plen\u00e1rias<\/h2>\n\t        \n\t        \n\t        \t    <\/div>\n\t    \t\t<\/div>\n\t\t\t\t<\/div>\n\t\t\t\t<div class=\"elementor-element elementor-element-25ecfb5 elementor-widget elementor-widget-text-editor\" data-id=\"25ecfb5\" data-element_type=\"widget\" data-settings=\"{&quot;ekit_we_effect_on&quot;:&quot;none&quot;}\" data-widget_type=\"text-editor.default\">\n\t\t\t\t<div class=\"elementor-widget-container\">\n\t\t\t\t\t\t\t<p>A plen\u00e1ria Cievs Recife \u00e9 nosso espa\u00e7o de di\u00e1logo constante com as equipes e a oportunidade para esclarecermos d\u00favidas sobre quest\u00f5es relacionadas \u00e0 Sa\u00fade P\u00fablica. Ser\u00e3o abordados eventos detectados atrav\u00e9s da Vigil\u00e2ncia Baseada em Eventos, o cen\u00e1rio epidemiol\u00f3gico de doen\u00e7as e agravos que estejam em acompanhamento pela Vigil\u00e2ncia em Sa\u00fade local, a\u00e7\u00f5es e servi\u00e7os estrat\u00e9gicos ofertados, informes e outros temas relevantes.<\/p><p>Convidamos todos os profissionais de sa\u00fade da Aten\u00e7\u00e3o B\u00e1sica, M\u00e9dia e Alta complexidade e Vigil\u00e2ncia em Sa\u00fade para participar das\u00a0<strong>Plen\u00e1rias Cievs Recife<\/strong>, que ocorrer\u00e3o\u00a0<strong>quinzenalmente<\/strong>, sempre \u00e0s\u00a0<strong>quartas-feiras, \u00e0s 14h, online, com dura\u00e7\u00e3o m\u00e1xima de 30 minutos.<\/strong>\u00a0Excepcionalmente, as datas e hor\u00e1rios podem ser alterados.<\/p>\t\t\t\t\t\t<\/div>\n\t\t\t\t<\/div>\n\t\t\t\t<div class=\"elementor-element elementor-element-b47263e elementor-align-left elementor-widget elementor-widget-button\" data-id=\"b47263e\" data-element_type=\"widget\" data-settings=\"{&quot;ekit_we_effect_on&quot;:&quot;none&quot;}\" data-widget_type=\"button.default\">\n\t\t\t\t<div class=\"elementor-widget-container\">\n\t\t\t\t\t\t\t<div class=\"elementor-button-wrapper\">\n\t\t\t\t\t<a class=\"elementor-button elementor-button-link elementor-size-sm\" href=\"http:\/\/meet.google.com\/pxm-ssoc-udr\" target=\"_blank\">\n\t\t\t\t\t\t<span class=\"elementor-button-content-wrapper\">\n\t\t\t\t\t\t<span class=\"elementor-button-icon\">\n\t\t\t\t<svg aria-hidden=\"true\" class=\"e-font-icon-svg e-fas-external-link-alt\" viewBox=\"0 0 512 512\" xmlns=\"http:\/\/www.w3.org\/2000\/svg\"><path d=\"M432,320H400a16,16,0,0,0-16,16V448H64V128H208a16,16,0,0,0,16-16V80a16,16,0,0,0-16-16H48A48,48,0,0,0,0,112V464a48,48,0,0,0,48,48H400a48,48,0,0,0,48-48V336A16,16,0,0,0,432,320ZM488,0h-128c-21.37,0-32.05,25.91-17,41l35.73,35.73L135,320.37a24,24,0,0,0,0,34L157.67,377a24,24,0,0,0,34,0L435.28,133.32,471,169c15,15,41,4.5,41-17V24A24,24,0,0,0,488,0Z\"><\/path><\/svg>\t\t\t<\/span>\n\t\t\t\t\t\t\t\t\t<span class=\"elementor-button-text\">Link da reuni\u00e3o<\/span>\n\t\t\t\t\t<\/span>\n\t\t\t\t\t<\/a>\n\t\t\t\t<\/div>\n\t\t\t\t\t\t<\/div>\n\t\t\t\t<\/div>\n\t\t\t\t\t<\/div>\n\t\t<\/div>\n\t\t\t\t<div class=\"elementor-column elementor-col-50 elementor-inner-column elementor-element elementor-element-0ce71d6\" data-id=\"0ce71d6\" data-element_type=\"column\">\n\t\t\t<div class=\"elementor-widget-wrap elementor-element-populated\">\n\t\t\t\t\t\t<div class=\"elementor-element elementor-element-8ada4bc elementor-widget elementor-widget-image\" data-id=\"8ada4bc\" data-element_type=\"widget\" data-settings=\"{&quot;ekit_we_effect_on&quot;:&quot;none&quot;}\" data-widget_type=\"image.default\">\n\t\t\t\t<div class=\"elementor-widget-container\">\n\t\t\t\t\t\t\t\t\t\t\t\t\t<img decoding=\"async\" width=\"95\" height=\"122\" src=\"https:\/\/vigilanciaemsaude.recife.pe.gov.br\/cievs\/wp-content\/uploads\/2024\/12\/favicon-cieves.png\" class=\"attachment-full size-full wp-image-4552\" alt=\"\" \/>\t\t\t\t\t\t\t\t\t\t\t\t\t<\/div>\n\t\t\t\t<\/div>\n\t\t\t\t<div class=\"elementor-element elementor-element-df455ab heading-default elementor-widget elementor-widget-mae-headings\" data-id=\"df455ab\" data-element_type=\"widget\" data-settings=\"{&quot;ekit_we_effect_on&quot;:&quot;none&quot;}\" data-widget_type=\"mae-headings.default\">\n\t\t\t\t<div class=\"elementor-widget-container\">\n\t\t\t\t\t<div class=\"master-heading sep-none\">\n\t\t\t\t\t\t\t        \n\t        \n\t        \t        <h2 class=\"main-heading\">Cronograma<\/h2>\n\t        \n\t        \n\t        \t    <\/div>\n\t    \t\t<\/div>\n\t\t\t\t<\/div>\n\t\t\t\t<div class=\"elementor-element elementor-element-d9e09f5 elementor-widget elementor-widget-text-editor\" data-id=\"d9e09f5\" data-element_type=\"widget\" data-settings=\"{&quot;ekit_we_effect_on&quot;:&quot;none&quot;}\" data-widget_type=\"text-editor.default\">\n\t\t\t\t<div class=\"elementor-widget-container\">\n\t\t\t\t\t\t\t<style>\n  .custom-table {\n    width: 100%;\n    border-collapse: collapse;\n  }\n\n  .custom-table th {\n    background-color: white;\n    color: #0d0d3f;\n    font-weight: bold;\n    text-align: center;\n    padding: 10px;\n  }\n\n  .custom-table td {\n    background-color: rgba(255, 255, 255, 0.8);\n    color: #0d0d3f;\n    text-align: center;\n    padding: 10px;\n  }\n\n  .custom-table tr:nth-child(odd) td {\n    background-color: rgba(255, 255, 255, 0.6);\n  }\n\n  .custom-table tr:nth-child(even) td {\n    background-color: rgba(255, 255, 255, 0.8);\n  }\n\n  .custom-table tr th, .custom-table tr td {\n    border: none;\n  }\n\n  @media screen and (max-width: 768px) {\n    .custom-table {\n      font-size: 0.9em;\n    }\n\n    .custom-table th, .custom-table td {\n      padding: 8px;\n    }\n  }\n<\/style>\n\n<table class=\"custom-table\">\n  <thead>\n    <tr>\n      <th>DATAS<\/th>\n      <th>HOR\u00c1RIO<\/th>\n      <th>CONFIRMA\u00c7\u00c3O<\/th>\n    <\/tr>\n  <\/thead>\n  <tbody>\n    <tr>\n      <td>05\/02\/2025<\/td>\n      <td>14h<\/td>\n      <td><strong>Confirmada<\/strong><\/td>\n    <\/tr>\n    <tr>\n      <td>08\/01\/2025<\/td>\n      <td>14h<\/td>\n      <td><strong>Realizada<\/strong><\/td>\n    <\/tr>\n    <tr>\n      <td>18\/12\/2024<\/td>\n      <td>14h<\/td>\n      <td><strong>Realizada<\/strong><\/td>\n    <\/tr>\n    <tr>\n      <td>04\/12\/2024<\/td>\n      <td>14h<\/td>\n      <td><strong>Realizada<\/strong><\/td>\n    <\/tr>\n    <tr>\n      <td>06\/11\/2024<\/td>\n      <td>14h<\/td>\n      <td><strong>Realizada<\/strong><\/td>\n    <\/tr>\n    <tr>\n      <td>23\/10\/2024<\/td>\n      <td>14h<\/td>\n      <td><strong>Realizada<\/strong><\/td>\n    <\/tr>\n    <tr>\n      <td>09\/10\/2024<\/td>\n      <td>14h<\/td>\n      <td><strong>Realizada<\/strong><\/td>\n    <\/tr>\n  <\/tbody>\n<\/table>\n\t\t\t\t\t\t<\/div>\n\t\t\t\t<\/div>\n\t\t\t\t\t<\/div>\n\t\t<\/div>\n\t\t\t\t\t<\/div>\n\t\t<\/section>\n\t\t\t\t\t<\/div>\n\t\t<\/div>\n\t\t\t\t\t<\/div>\n\t\t<\/section>\n\t\t\t\t<section class=\"elementor-section elementor-top-section elementor-element elementor-element-a3c5643 elementor-section-stretched elementor-section-boxed elementor-section-height-default elementor-section-height-default\" data-id=\"a3c5643\" data-element_type=\"section\" data-settings=\"{&quot;stretch_section&quot;:&quot;section-stretched&quot;,&quot;background_background&quot;:&quot;classic&quot;}\">\n\t\t\t\t\t\t<div class=\"elementor-container elementor-column-gap-default\">\n\t\t\t\t\t<div class=\"elementor-column elementor-col-100 elementor-top-column elementor-element elementor-element-164d44c\" data-id=\"164d44c\" data-element_type=\"column\">\n\t\t\t<div class=\"elementor-widget-wrap elementor-element-populated\">\n\t\t\t\t\t\t<div class=\"elementor-element elementor-element-76ded98 image-width-auto elementor-widget__width-initial elementor-absolute overflow-hidden elementor-widget elementor-widget-mae-gallery-stack\" data-id=\"76ded98\" data-element_type=\"widget\" data-settings=\"{&quot;_position&quot;:&quot;absolute&quot;,&quot;ekit_we_effect_on&quot;:&quot;none&quot;}\" data-widget_type=\"mae-gallery-stack.default\">\n\t\t\t\t<div class=\"elementor-widget-container\">\n\t\t\t\t\t<div class=\"master-gallery-stack\">\n\t\t\t<div class=\"master-fancy-image elementor-repeater-item-92a578e \" data-top=\"0px\" data-calcHeight=\"no\">\n\t\t\t\t\t\t\t\t\t\t<div class=\"image-wrap\"><\/div>\n\t\t\t\t\t\t\t\t\t<\/div><div class=\"master-fancy-image elementor-repeater-item-de9f304 fix-bottom\" data-top=\"0px\" data-calcHeight=\"no\">\n\t\t\t\t\t\t\t\t\t\t<div class=\"image-wrap\"><\/div>\n\t\t\t\t\t\t\t\t\t<\/div><div class=\"master-shape elementor-repeater-item-7a0b70b custom-grad\" data-calcHeight=\"no\"><\/div>\t\t<\/div>\n\t    \t\t<\/div>\n\t\t\t\t<\/div>\n\t\t\t\t<div class=\"elementor-element elementor-element-0f460bc elementor-widget elementor-widget-spacer\" data-id=\"0f460bc\" data-element_type=\"widget\" data-settings=\"{&quot;ekit_we_effect_on&quot;:&quot;none&quot;}\" data-widget_type=\"spacer.default\">\n\t\t\t\t<div class=\"elementor-widget-container\">\n\t\t\t\t\t<div class=\"elementor-spacer\">\n\t\t\t<div class=\"elementor-spacer-inner\"><\/div>\n\t\t<\/div>\n\t\t\t\t<\/div>\n\t\t\t\t<\/div>\n\t\t\t\t<div class=\"elementor-element elementor-element-3809fd5 elementor-absolute elementor-hidden-tablet elementor-hidden-mobile image-width-full elementor-widget elementor-widget-mae-gallery-stack\" data-id=\"3809fd5\" data-element_type=\"widget\" data-settings=\"{&quot;_position&quot;:&quot;absolute&quot;,&quot;ekit_we_effect_on&quot;:&quot;none&quot;}\" data-widget_type=\"mae-gallery-stack.default\">\n\t\t\t\t<div class=\"elementor-widget-container\">\n\t\t\t\t\t<div class=\"master-gallery-stack\">\n\t\t\t<div class=\"master-fancy-image elementor-repeater-item-1e39787 \" data-top=\"0px\" data-calcHeight=\"no\">\n\t\t\t\t\t\t\t\t\t\t<div class=\"image-wrap\"><img fetchpriority=\"high\" decoding=\"async\" width=\"654\" height=\"468\" src=\"https:\/\/vigilanciaemsaude.recife.pe.gov.br\/cievs\/wp-content\/uploads\/2023\/07\/lines.webp\" class=\"attachment-full size-full\" alt=\"\" srcset=\"https:\/\/vigilanciaemsaude.recife.pe.gov.br\/cievs\/wp-content\/uploads\/2023\/07\/lines.webp 654w, https:\/\/vigilanciaemsaude.recife.pe.gov.br\/cievs\/wp-content\/uploads\/2023\/07\/lines-300x215.webp 300w\" sizes=\"(max-width: 654px) 100vw, 654px\" \/><\/div>\n\t\t\t\t\t\t\t\t\t<\/div>\t\t<\/div>\n\t    \t\t<\/div>\n\t\t\t\t<\/div>\n\t\t\t\t<section class=\"elementor-section elementor-inner-section elementor-element elementor-element-a4abd24 elementor-section-full_width elementor-section-height-default elementor-section-height-default\" data-id=\"a4abd24\" data-element_type=\"section\">\n\t\t\t\t\t\t<div class=\"elementor-container elementor-column-gap-default\">\n\t\t\t\t\t<div class=\"elementor-column elementor-col-100 elementor-inner-column elementor-element elementor-element-bd9a9d2\" data-id=\"bd9a9d2\" data-element_type=\"column\">\n\t\t\t<div class=\"elementor-widget-wrap elementor-element-populated\">\n\t\t\t\t\t\t<div class=\"elementor-element elementor-element-9dc1f3a elementor-widget elementor-widget-image\" data-id=\"9dc1f3a\" data-element_type=\"widget\" data-settings=\"{&quot;ekit_we_effect_on&quot;:&quot;none&quot;}\" data-widget_type=\"image.default\">\n\t\t\t\t<div class=\"elementor-widget-container\">\n\t\t\t\t\t\t\t\t\t\t\t\t\t<img decoding=\"async\" width=\"95\" height=\"122\" src=\"https:\/\/vigilanciaemsaude.recife.pe.gov.br\/cievs\/wp-content\/uploads\/2024\/12\/favicon-cieves.png\" class=\"attachment-full size-full wp-image-4552\" alt=\"\" \/>\t\t\t\t\t\t\t\t\t\t\t\t\t<\/div>\n\t\t\t\t<\/div>\n\t\t\t\t<div class=\"elementor-element elementor-element-d97e4d8 align-center heading-default elementor-widget elementor-widget-mae-headings\" data-id=\"d97e4d8\" data-element_type=\"widget\" data-settings=\"{&quot;ekit_we_effect_on&quot;:&quot;none&quot;}\" data-widget_type=\"mae-headings.default\">\n\t\t\t\t<div class=\"elementor-widget-container\">\n\t\t\t\t\t<div class=\"master-heading sep-none\">\n\t\t\t\t\t\t\t        \n\t        \n\t        \t        <h2 class=\"main-heading\">Apresenta\u00e7\u00f5es<\/h2>\n\t        \n\t        \n\t        \t    <\/div>\n\t    \t\t<\/div>\n\t\t\t\t<\/div>\n\t\t\t\t\t<\/div>\n\t\t<\/div>\n\t\t\t\t\t<\/div>\n\t\t<\/section>\n\t\t\t\t<section class=\"elementor-section elementor-inner-section elementor-element elementor-element-de4aefe elementor-section-full_width elementor-section-height-default elementor-section-height-default\" data-id=\"de4aefe\" data-element_type=\"section\">\n\t\t\t\t\t\t<div class=\"elementor-container elementor-column-gap-default\">\n\t\t\t\t\t<div class=\"elementor-column elementor-col-100 elementor-inner-column elementor-element elementor-element-e66958f\" data-id=\"e66958f\" data-element_type=\"column\">\n\t\t\t<div class=\"elementor-widget-wrap elementor-element-populated\">\n\t\t\t\t\t\t<div class=\"elementor-element elementor-element-f0569b9 elementor-widget elementor-widget-wpdmcategory\" data-id=\"f0569b9\" data-element_type=\"widget\" data-settings=\"{&quot;ekit_we_effect_on&quot;:&quot;none&quot;}\" data-widget_type=\"wpdmcategory.default\">\n\t\t\t\t<div class=\"elementor-widget-container\">\n\t\t\t<div class='w3eden'>\n    <div class=''>\n\n        \n        <div id=\"content_wpdm_package_1\">\n            <div class='row'><div class='col-md-12'> Nenhum arquivo encontrado!<\/div><\/div>            <div style='clear:both'><\/div><div class='text-center'><ul class='pagination wpdm-pagination pagination-centered text-center'><\/ul><\/div><div style='clear:both'><\/div>        <\/div>\n\n        <div style='clear:both'><\/div>\n    <\/div>\n<\/div>\n\t\t<\/div>\n\t\t\t\t<\/div>\n\t\t\t\t\t<\/div>\n\t\t<\/div>\n\t\t\t\t\t<\/div>\n\t\t<\/section>\n\t\t\t\t<div class=\"elementor-element elementor-element-5abdfdc elementor-widget elementor-widget-spacer\" data-id=\"5abdfdc\" data-element_type=\"widget\" data-settings=\"{&quot;ekit_we_effect_on&quot;:&quot;none&quot;}\" data-widget_type=\"spacer.default\">\n\t\t\t\t<div class=\"elementor-widget-container\">\n\t\t\t\t\t<div class=\"elementor-spacer\">\n\t\t\t<div class=\"elementor-spacer-inner\"><\/div>\n\t\t<\/div>\n\t\t\t\t<\/div>\n\t\t\t\t<\/div>\n\t\t\t\t\t<\/div>\n\t\t<\/div>\n\t\t\t\t\t<\/div>\n\t\t<\/section>\n\t\t\t\t<\/div>\n\t\t","protected":false},"excerpt":{"rendered":"<p>Plen\u00e1rias A plen\u00e1ria Cievs Recife \u00e9 nosso espa\u00e7o de di\u00e1logo constante com as equipes e a oportunidade para esclarecermos d\u00favidas sobre quest\u00f5es relacionadas \u00e0 Sa\u00fade P\u00fablica. Ser\u00e3o abordados eventos detectados atrav\u00e9s da Vigil\u00e2ncia Baseada em Eventos, o cen\u00e1rio epidemiol\u00f3gico de doen\u00e7as e agravos que estejam em acompanhamento pela Vigil\u00e2ncia em<\/p>\n","protected":false},"author":1,"featured_media":0,"parent":0,"menu_order":0,"comment_status":"closed","ping_status":"closed","template":"","meta":{"footnotes":""},"class_list":["post-5904","page","type-page","status-publish","hentry"],"_links":{"self":[{"href":"https:\/\/vigilanciaemsaude.recife.pe.gov.br\/cievs\/wp-json\/wp\/v2\/pages\/5904","targetHints":{"allow":["GET"]}}],"collection":[{"href":"https:\/\/vigilanciaemsaude.recife.pe.gov.br\/cievs\/wp-json\/wp\/v2\/pages"}],"about":[{"href":"https:\/\/vigilanciaemsaude.recife.pe.gov.br\/cievs\/wp-json\/wp\/v2\/types\/page"}],"author":[{"embeddable":true,"href":"https:\/\/vigilanciaemsaude.recife.pe.gov.br\/cievs\/wp-json\/wp\/v2\/users\/1"}],"replies":[{"embeddable":true,"href":"https:\/\/vigilanciaemsaude.recife.pe.gov.br\/cievs\/wp-json\/wp\/v2\/comments?post=5904"}],"version-history":[{"count":138,"href":"https:\/\/vigilanciaemsaude.recife.pe.gov.br\/cievs\/wp-json\/wp\/v2\/pages\/5904\/revisions"}],"predecessor-version":[{"id":7395,"href":"https:\/\/vigilanciaemsaude.recife.pe.gov.br\/cievs\/wp-json\/wp\/v2\/pages\/5904\/revisions\/7395"}],"wp:attachment":[{"href":"https:\/\/vigilanciaemsaude.recife.pe.gov.br\/cievs\/wp-json\/wp\/v2\/media?parent=5904"}],"curies":[{"name":"wp","href":"https:\/\/api.w.org\/{rel}","templated":true}]}}