{"id":5550,"date":"2025-01-03T20:48:22","date_gmt":"2025-01-03T20:48:22","guid":{"rendered":"https:\/\/vigilanciaemsaude.recife.pe.gov.br\/cievs\/vigilancia-m-copy\/"},"modified":"2025-04-10T14:37:06","modified_gmt":"2025-04-10T14:37:06","slug":"vigilancia-r","status":"publish","type":"page","link":"https:\/\/vigilanciaemsaude.recife.pe.gov.br\/cievs\/vigilancia-r\/","title":{"rendered":"Vigil\u00e2ncia R"},"content":{"rendered":"\t\t<div data-elementor-type=\"wp-page\" data-elementor-id=\"5550\" class=\"elementor elementor-5550\" data-elementor-post-type=\"page\">\n\t\t\t\t\t\t<section class=\"elementor-section elementor-top-section elementor-element elementor-element-539bcb6 elementor-section-boxed elementor-section-height-default elementor-section-height-default\" data-id=\"539bcb6\" data-element_type=\"section\">\n\t\t\t\t\t\t<div class=\"elementor-container elementor-column-gap-no\">\n\t\t\t\t\t<div class=\"elementor-column elementor-col-100 elementor-top-column elementor-element elementor-element-6e8226d\" data-id=\"6e8226d\" data-element_type=\"column\">\n\t\t\t<div class=\"elementor-widget-wrap elementor-element-populated\">\n\t\t\t\t\t\t<div class=\"elementor-element elementor-element-ebc5a31 elementor-widget elementor-widget-spacer\" data-id=\"ebc5a31\" data-element_type=\"widget\" data-settings=\"{&quot;ekit_we_effect_on&quot;:&quot;none&quot;}\" data-widget_type=\"spacer.default\">\n\t\t\t\t<div class=\"elementor-widget-container\">\n\t\t\t\t\t<div class=\"elementor-spacer\">\n\t\t\t<div class=\"elementor-spacer-inner\"><\/div>\n\t\t<\/div>\n\t\t\t\t<\/div>\n\t\t\t\t<\/div>\n\t\t\t\t<div class=\"elementor-element elementor-element-7d34207 elementor-widget elementor-widget-image\" data-id=\"7d34207\" data-element_type=\"widget\" data-settings=\"{&quot;ekit_we_effect_on&quot;:&quot;none&quot;}\" data-widget_type=\"image.default\">\n\t\t\t\t<div class=\"elementor-widget-container\">\n\t\t\t\t\t\t\t\t\t\t\t\t\t<img decoding=\"async\" width=\"95\" height=\"122\" src=\"https:\/\/vigilanciaemsaude.recife.pe.gov.br\/cievs\/wp-content\/uploads\/2024\/12\/favicon-cieves.png\" class=\"attachment-full size-full wp-image-4552\" alt=\"\" \/>\t\t\t\t\t\t\t\t\t\t\t\t\t<\/div>\n\t\t\t\t<\/div>\n\t\t\t\t<div class=\"elementor-element elementor-element-ce6fb3d align-center heading-default elementor-widget elementor-widget-mae-headings\" data-id=\"ce6fb3d\" data-element_type=\"widget\" data-settings=\"{&quot;ekit_we_effect_on&quot;:&quot;none&quot;}\" data-widget_type=\"mae-headings.default\">\n\t\t\t\t<div class=\"elementor-widget-container\">\n\t\t\t\t\t<div class=\"master-heading sep-none\">\n\t\t\t\t\t\t\t        \n\t        \n\t        \t        <h2 class=\"main-heading\">Acesse as informa\u00e7\u00f5es<\/h2>\n\t        \n\t        \n\t        \t            <div class=\"sub-heading\">R<\/div>\n\t        \t    <\/div>\n\t    \t\t<\/div>\n\t\t\t\t<\/div>\n\t\t\t\t<div class=\"elementor-element elementor-element-b5aa3d5 menu-vertical elementor-widget elementor-widget-mae-menu\" data-id=\"b5aa3d5\" data-element_type=\"widget\" data-settings=\"{&quot;ekit_we_effect_on&quot;:&quot;none&quot;}\" data-widget_type=\"mae-menu.default\">\n\t\t\t\t<div class=\"elementor-widget-container\">\n\t\t\t        <div class=\"surince-menu-wrap\">\r\n            <nav class=\"surince-menu\">\r\n                <ul id=\"menu-69e06ef9f1c05\" class=\"menu\"><li id=\"menu-item-7886\" class=\"menu-item menu-item-type-post_type menu-item-object-service menu-item-7886\"><a href=\"https:\/\/vigilanciaemsaude.recife.pe.gov.br\/cievs\/blog\/doenca\/raca-cor-da-pele\/\"><span>Ra\u00e7a\/cor da pele<\/span><\/a><\/li>\n<li id=\"menu-item-8308\" class=\"menu-item menu-item-type-post_type menu-item-object-service menu-item-8308\"><a href=\"https:\/\/vigilanciaemsaude.recife.pe.gov.br\/cievs\/blog\/doenca\/raiva-humana\/\"><span>Raiva Humana<\/span><\/a><\/li>\n<li id=\"menu-item-8314\" class=\"menu-item menu-item-type-post_type menu-item-object-service menu-item-8314\"><a href=\"https:\/\/vigilanciaemsaude.recife.pe.gov.br\/cievs\/blog\/doenca\/rotavirus\/\"><span>Rotav\u00edrus<\/span><\/a><\/li>\n<li id=\"menu-item-8320\" class=\"menu-item menu-item-type-post_type menu-item-object-service menu-item-8320\"><a href=\"https:\/\/vigilanciaemsaude.recife.pe.gov.br\/cievs\/blog\/doenca\/rubeola-sindrome-da-rubeola-congenita\/\"><span>Rub\u00e9ola\/ S\u00edndrome da rub\u00e9ola cong\u00eanita<\/span><\/a><\/li>\n<\/ul>            <\/nav>\r\n        <\/div>\r\n        \t\t<\/div>\n\t\t\t\t<\/div>\n\t\t\t\t<div class=\"elementor-element elementor-element-5e9ef54 elementor-widget elementor-widget-spacer\" data-id=\"5e9ef54\" data-element_type=\"widget\" data-settings=\"{&quot;ekit_we_effect_on&quot;:&quot;none&quot;}\" data-widget_type=\"spacer.default\">\n\t\t\t\t<div class=\"elementor-widget-container\">\n\t\t\t\t\t<div class=\"elementor-spacer\">\n\t\t\t<div class=\"elementor-spacer-inner\"><\/div>\n\t\t<\/div>\n\t\t\t\t<\/div>\n\t\t\t\t<\/div>\n\t\t\t\t\t<\/div>\n\t\t<\/div>\n\t\t\t\t\t<\/div>\n\t\t<\/section>\n\t\t\t\t<\/div>\n\t\t","protected":false},"excerpt":{"rendered":"<p>Acesse as informa\u00e7\u00f5es R Ra\u00e7a\/cor da pele Raiva Humana Rotav\u00edrus Rub\u00e9ola\/ S\u00edndrome da rub\u00e9ola cong\u00eanita<\/p>\n","protected":false},"author":12,"featured_media":0,"parent":0,"menu_order":0,"comment_status":"closed","ping_status":"closed","template":"","meta":{"footnotes":""},"class_list":["post-5550","page","type-page","status-publish","hentry"],"_links":{"self":[{"href":"https:\/\/vigilanciaemsaude.recife.pe.gov.br\/cievs\/wp-json\/wp\/v2\/pages\/5550","targetHints":{"allow":["GET"]}}],"collection":[{"href":"https:\/\/vigilanciaemsaude.recife.pe.gov.br\/cievs\/wp-json\/wp\/v2\/pages"}],"about":[{"href":"https:\/\/vigilanciaemsaude.recife.pe.gov.br\/cievs\/wp-json\/wp\/v2\/types\/page"}],"author":[{"embeddable":true,"href":"https:\/\/vigilanciaemsaude.recife.pe.gov.br\/cievs\/wp-json\/wp\/v2\/users\/12"}],"replies":[{"embeddable":true,"href":"https:\/\/vigilanciaemsaude.recife.pe.gov.br\/cievs\/wp-json\/wp\/v2\/comments?post=5550"}],"version-history":[{"count":14,"href":"https:\/\/vigilanciaemsaude.recife.pe.gov.br\/cievs\/wp-json\/wp\/v2\/pages\/5550\/revisions"}],"predecessor-version":[{"id":9012,"href":"https:\/\/vigilanciaemsaude.recife.pe.gov.br\/cievs\/wp-json\/wp\/v2\/pages\/5550\/revisions\/9012"}],"wp:attachment":[{"href":"https:\/\/vigilanciaemsaude.recife.pe.gov.br\/cievs\/wp-json\/wp\/v2\/media?parent=5550"}],"curies":[{"name":"wp","href":"https:\/\/api.w.org\/{rel}","templated":true}]}}