{"id":120,"date":"2023-06-28T13:35:23","date_gmt":"2023-06-28T13:35:23","guid":{"rendered":"https:\/\/tplabs.co\/surince\/?page_id=120"},"modified":"2025-01-28T14:29:21","modified_gmt":"2025-01-28T14:29:21","slug":"home-01","status":"publish","type":"page","link":"https:\/\/vigilanciaemsaude.recife.pe.gov.br\/cievs\/","title":{"rendered":"Home 01"},"content":{"rendered":"\t\t<div data-elementor-type=\"wp-page\" data-elementor-id=\"120\" class=\"elementor elementor-120\" data-elementor-post-type=\"page\">\n\t\t\t\t\t\t<section class=\"elementor-section elementor-top-section elementor-element elementor-element-51f310b elementor-section-full_width elementor-section-height-default elementor-section-height-default\" data-id=\"51f310b\" data-element_type=\"section\">\n\t\t\t\t\t\t<div class=\"elementor-container elementor-column-gap-no\">\n\t\t\t\t\t<div class=\"elementor-column elementor-col-100 elementor-top-column elementor-element elementor-element-9451262\" data-id=\"9451262\" data-element_type=\"column\">\n\t\t\t<div class=\"elementor-widget-wrap elementor-element-populated\">\n\t\t\t\t\t\t<div class=\"elementor-element elementor-element-a42b66b elementor-widget elementor-widget-spacer\" data-id=\"a42b66b\" data-element_type=\"widget\" data-settings=\"{&quot;ekit_we_effect_on&quot;:&quot;none&quot;}\" data-widget_type=\"spacer.default\">\n\t\t\t\t<div class=\"elementor-widget-container\">\n\t\t\t\t\t<div class=\"elementor-spacer\">\n\t\t\t<div class=\"elementor-spacer-inner\"><\/div>\n\t\t<\/div>\n\t\t\t\t<\/div>\n\t\t\t\t<\/div>\n\t\t\t\t<div class=\"elementor-element elementor-element-1720b94 elementor-widget__width-initial elementor-absolute e-transform image-width-full elementor-widget elementor-widget-mae-gallery-stack\" data-id=\"1720b94\" data-element_type=\"widget\" data-settings=\"{&quot;_position&quot;:&quot;absolute&quot;,&quot;_transform_translateX_effect&quot;:{&quot;unit&quot;:&quot;%&quot;,&quot;size&quot;:50,&quot;sizes&quot;:[]},&quot;_transform_translateX_effect_tablet&quot;:{&quot;unit&quot;:&quot;%&quot;,&quot;size&quot;:&quot;&quot;,&quot;sizes&quot;:[]},&quot;_transform_translateX_effect_mobile&quot;:{&quot;unit&quot;:&quot;%&quot;,&quot;size&quot;:&quot;&quot;,&quot;sizes&quot;:[]},&quot;ekit_we_effect_on&quot;:&quot;none&quot;,&quot;_transform_translateY_effect&quot;:{&quot;unit&quot;:&quot;px&quot;,&quot;size&quot;:&quot;&quot;,&quot;sizes&quot;:[]},&quot;_transform_translateY_effect_tablet&quot;:{&quot;unit&quot;:&quot;px&quot;,&quot;size&quot;:&quot;&quot;,&quot;sizes&quot;:[]},&quot;_transform_translateY_effect_mobile&quot;:{&quot;unit&quot;:&quot;px&quot;,&quot;size&quot;:&quot;&quot;,&quot;sizes&quot;:[]}}\" data-widget_type=\"mae-gallery-stack.default\">\n\t\t\t\t<div class=\"elementor-widget-container\">\n\t\t\t\t\t<div class=\"master-gallery-stack\">\n\t\t\t<div class=\"master-fancy-image elementor-repeater-item-a18d933 \" data-top=\"0px\" data-parallax='{\"x\" : 0, \"y\" : -50, \"smoothness\" : 30, \"rotateX\" : 0, \"rotateY\" : 0, \"rotateZ\" : 0}' data-calcHeight=\"no\">\n\t\t\t\t\t\t\t\t\t<div class=\"image-wrap\"><img fetchpriority=\"high\" decoding=\"async\" width=\"659\" height=\"630\" src=\"https:\/\/vigilanciaemsaude.recife.pe.gov.br\/cievs\/wp-content\/uploads\/2023\/07\/globe.webp\" class=\"attachment-full size-full\" alt=\"\" srcset=\"https:\/\/vigilanciaemsaude.recife.pe.gov.br\/cievs\/wp-content\/uploads\/2023\/07\/globe.webp 659w, https:\/\/vigilanciaemsaude.recife.pe.gov.br\/cievs\/wp-content\/uploads\/2023\/07\/globe-300x287.webp 300w\" sizes=\"(max-width: 659px) 100vw, 659px\" \/><\/div>\n\t\t\t\t\t\t\t\t<\/div>\t\t<\/div>\n\t    \t\t<\/div>\n\t\t\t\t<\/div>\n\t\t\t\t<section class=\"elementor-section elementor-inner-section elementor-element elementor-element-a2eb637 elementor-section-boxed elementor-section-height-default elementor-section-height-default\" data-id=\"a2eb637\" data-element_type=\"section\">\n\t\t\t\t\t\t<div class=\"elementor-container elementor-column-gap-default\">\n\t\t\t\t\t<div class=\"elementor-column elementor-col-50 elementor-inner-column elementor-element elementor-element-e58450a\" data-id=\"e58450a\" data-element_type=\"column\">\n\t\t\t<div class=\"elementor-widget-wrap elementor-element-populated\">\n\t\t\t\t\t\t<div class=\"elementor-element elementor-element-9ba1a1d elementor-absolute elementor-widget-tablet__width-initial image-width-full elementor-widget elementor-widget-mae-gallery-stack\" data-id=\"9ba1a1d\" data-element_type=\"widget\" data-settings=\"{&quot;_position&quot;:&quot;absolute&quot;,&quot;ekit_we_effect_on&quot;:&quot;none&quot;}\" data-widget_type=\"mae-gallery-stack.default\">\n\t\t\t\t<div class=\"elementor-widget-container\">\n\t\t\t\t\t<div class=\"master-gallery-stack\">\n\t\t\t<div class=\"master-fancy-image elementor-repeater-item-429fb12 bounceeffect\" data-top=\"0px\" data-calcHeight=\"no\">\n\t\t\t\t\t\t\t\t\t\t<div class=\"image-wrap\"><img decoding=\"async\" width=\"194\" height=\"189\" src=\"https:\/\/vigilanciaemsaude.recife.pe.gov.br\/cievs\/wp-content\/uploads\/2023\/07\/dots.webp\" class=\"attachment-full size-full\" alt=\"\" \/><\/div>\n\t\t\t\t\t\t\t\t\t<\/div><div class=\"master-fancy-image elementor-repeater-item-8d2d202 \" data-top=\"295px\" data-parallax='{\"x\" : 0, \"y\" : 0, \"smoothness\" : 30, \"rotateX\" : 0, \"rotateY\" : 0, \"rotateZ\" : 30}' data-calcHeight=\"no\">\n\t\t\t\t\t\t\t\t\t<div class=\"image-wrap\"><img decoding=\"async\" width=\"100\" height=\"36\" src=\"https:\/\/vigilanciaemsaude.recife.pe.gov.br\/cievs\/wp-content\/uploads\/2023\/07\/arrow.webp\" class=\"attachment-full size-full\" alt=\"\" \/><\/div>\n\t\t\t\t\t\t\t\t<\/div><div class=\"master-shape elementor-repeater-item-ba95eee zoomeffect\" data-calcHeight=\"no\"><\/div><div class=\"master-shape elementor-repeater-item-6a2e4e2 zoomeffect2\" data-calcHeight=\"no\"><\/div>\t\t<\/div>\n\t    \t\t<\/div>\n\t\t\t\t<\/div>\n\t\t\t\t<div class=\"elementor-element elementor-element-ec84f21 elementor-widget-tablet__width-initial image-width-full elementor-widget elementor-widget-mae-gallery-stack\" data-id=\"ec84f21\" data-element_type=\"widget\" data-settings=\"{&quot;ekit_we_effect_on&quot;:&quot;none&quot;}\" data-widget_type=\"mae-gallery-stack.default\">\n\t\t\t\t<div class=\"elementor-widget-container\">\n\t\t\t\t\t<div class=\"master-gallery-stack\">\n\t\t\t<div class=\"master-fancy-image elementor-repeater-item-fb6199f \" data-top=\"0px\" data-calcHeight=\"no\">\n\t\t\t\t\t\t\t\t\t\t<div class=\"image-wrap\"><img loading=\"lazy\" decoding=\"async\" width=\"573\" height=\"513\" src=\"https:\/\/vigilanciaemsaude.recife.pe.gov.br\/cievs\/wp-content\/uploads\/2025\/01\/Analise-De-Dados-CIEVS.jpg\" class=\"attachment-full size-full\" alt=\"\" srcset=\"https:\/\/vigilanciaemsaude.recife.pe.gov.br\/cievs\/wp-content\/uploads\/2025\/01\/Analise-De-Dados-CIEVS.jpg 573w, https:\/\/vigilanciaemsaude.recife.pe.gov.br\/cievs\/wp-content\/uploads\/2025\/01\/Analise-De-Dados-CIEVS-300x269.jpg 300w\" sizes=\"(max-width: 573px) 100vw, 573px\" \/><\/div>\n\t\t\t\t\t\t\t\t\t<\/div><div class=\"master-shape elementor-repeater-item-0734103 \" data-calcHeight=\"no\"><\/div>\t\t<\/div>\n\t    \t\t<\/div>\n\t\t\t\t<\/div>\n\t\t\t\t\t<\/div>\n\t\t<\/div>\n\t\t\t\t<div class=\"elementor-column elementor-col-50 elementor-inner-column elementor-element elementor-element-9adbcc8\" data-id=\"9adbcc8\" data-element_type=\"column\">\n\t\t\t<div class=\"elementor-widget-wrap elementor-element-populated\">\n\t\t\t\t\t\t<div class=\"elementor-element elementor-element-7591712 elementor-widget elementor-widget-image\" data-id=\"7591712\" data-element_type=\"widget\" data-settings=\"{&quot;ekit_we_effect_on&quot;:&quot;none&quot;}\" data-widget_type=\"image.default\">\n\t\t\t\t<div class=\"elementor-widget-container\">\n\t\t\t\t\t\t\t\t\t\t\t\t\t<img loading=\"lazy\" decoding=\"async\" width=\"95\" height=\"122\" src=\"https:\/\/vigilanciaemsaude.recife.pe.gov.br\/cievs\/wp-content\/uploads\/2024\/12\/favicon-cieves.png\" class=\"attachment-full size-full wp-image-4552\" alt=\"\" \/>\t\t\t\t\t\t\t\t\t\t\t\t\t<\/div>\n\t\t\t\t<\/div>\n\t\t\t\t<div class=\"elementor-element elementor-element-e202083 heading-default elementor-widget elementor-widget-mae-headings\" data-id=\"e202083\" data-element_type=\"widget\" data-settings=\"{&quot;ekit_we_effect_on&quot;:&quot;none&quot;}\" data-widget_type=\"mae-headings.default\">\n\t\t\t\t<div class=\"elementor-widget-container\">\n\t\t\t\t\t<div class=\"master-heading sep-none\">\n\t\t\t\t\t\t\t        \t        \t<div class=\"pre-heading\"><span class=\"line\"><span class=\"inner\"><\/span><\/span>O QUE \u00c9 O CIEVS?<\/div>\n\t        \n\t        \n\t        \t        <h2 class=\"main-heading\">O Centro de Informa\u00e7\u00f5es Estrat\u00e9gicas em Vigil\u00e2ncia em Sa\u00fade (Cievs)<\/h2>\n\t        \n\t        \n\t        \t    <\/div>\n\t    \t\t<\/div>\n\t\t\t\t<\/div>\n\t\t\t\t<div class=\"elementor-element elementor-element-09535ae elementor-widget elementor-widget-text-editor\" data-id=\"09535ae\" data-element_type=\"widget\" data-settings=\"{&quot;ekit_we_effect_on&quot;:&quot;none&quot;}\" data-widget_type=\"text-editor.default\">\n\t\t\t\t<div class=\"elementor-widget-container\">\n\t\t\t\t\t\t\t<p>O Centro de Informa\u00e7\u00f5es Estrat\u00e9gicas em Vigil\u00e2ncia em Sa\u00fade (Cievs) \u00e9 um servi\u00e7o de intelig\u00eancia epidemiol\u00f3gica no \u00e2mbito do Sistema Nacional de Vigil\u00e2ncia em Sa\u00fade \u2013 SNVS do Sistema \u00danico de Sa\u00fade (SUS). Tem como finalidade realizar a detec\u00e7\u00e3o, a notifica\u00e7\u00e3o, o monitoramento e resposta a eventos de sa\u00fade que possam constituir emerg\u00eancia em sa\u00fade p\u00fablica, no \u00e2mbito das tr\u00eas esferas de gest\u00e3o do SUS.<\/p>\t\t\t\t\t\t<\/div>\n\t\t\t\t<\/div>\n\t\t\t\t\t<\/div>\n\t\t<\/div>\n\t\t\t\t\t<\/div>\n\t\t<\/section>\n\t\t\t\t<div class=\"elementor-element elementor-element-6ecc7e9 elementor-widget elementor-widget-spacer\" data-id=\"6ecc7e9\" data-element_type=\"widget\" data-settings=\"{&quot;ekit_we_effect_on&quot;:&quot;none&quot;}\" data-widget_type=\"spacer.default\">\n\t\t\t\t<div class=\"elementor-widget-container\">\n\t\t\t\t\t<div class=\"elementor-spacer\">\n\t\t\t<div class=\"elementor-spacer-inner\"><\/div>\n\t\t<\/div>\n\t\t\t\t<\/div>\n\t\t\t\t<\/div>\n\t\t\t\t\t<\/div>\n\t\t<\/div>\n\t\t\t\t\t<\/div>\n\t\t<\/section>\n\t\t\t\t<section class=\"elementor-section elementor-top-section elementor-element elementor-element-274a1f43 elementor-section-stretched elementor-section-boxed elementor-section-height-default elementor-section-height-default\" data-id=\"274a1f43\" data-element_type=\"section\" data-settings=\"{&quot;stretch_section&quot;:&quot;section-stretched&quot;,&quot;background_background&quot;:&quot;classic&quot;}\">\n\t\t\t\t\t\t<div class=\"elementor-container elementor-column-gap-default\">\n\t\t\t\t\t<div class=\"elementor-column elementor-col-100 elementor-top-column elementor-element elementor-element-382ca5b4\" data-id=\"382ca5b4\" data-element_type=\"column\">\n\t\t\t<div class=\"elementor-widget-wrap elementor-element-populated\">\n\t\t\t\t\t\t<div class=\"elementor-element elementor-element-74ce56d2 image-width-auto elementor-widget__width-initial elementor-absolute overflow-hidden elementor-widget elementor-widget-mae-gallery-stack\" data-id=\"74ce56d2\" data-element_type=\"widget\" data-settings=\"{&quot;_position&quot;:&quot;absolute&quot;,&quot;ekit_we_effect_on&quot;:&quot;none&quot;}\" data-widget_type=\"mae-gallery-stack.default\">\n\t\t\t\t<div class=\"elementor-widget-container\">\n\t\t\t\t\t<div class=\"master-gallery-stack\">\n\t\t\t<div class=\"master-fancy-image elementor-repeater-item-92a578e \" data-top=\"0px\" data-calcHeight=\"no\">\n\t\t\t\t\t\t\t\t\t\t<div class=\"image-wrap\"><\/div>\n\t\t\t\t\t\t\t\t\t<\/div><div class=\"master-fancy-image elementor-repeater-item-de9f304 fix-bottom\" data-top=\"0px\" data-calcHeight=\"no\">\n\t\t\t\t\t\t\t\t\t\t<div class=\"image-wrap\"><\/div>\n\t\t\t\t\t\t\t\t\t<\/div><div class=\"master-shape elementor-repeater-item-7a0b70b custom-grad\" data-calcHeight=\"no\"><\/div>\t\t<\/div>\n\t    \t\t<\/div>\n\t\t\t\t<\/div>\n\t\t\t\t<div class=\"elementor-element elementor-element-44ed450a elementor-widget elementor-widget-spacer\" data-id=\"44ed450a\" data-element_type=\"widget\" data-settings=\"{&quot;ekit_we_effect_on&quot;:&quot;none&quot;}\" data-widget_type=\"spacer.default\">\n\t\t\t\t<div class=\"elementor-widget-container\">\n\t\t\t\t\t<div class=\"elementor-spacer\">\n\t\t\t<div class=\"elementor-spacer-inner\"><\/div>\n\t\t<\/div>\n\t\t\t\t<\/div>\n\t\t\t\t<\/div>\n\t\t\t\t<div class=\"elementor-element elementor-element-d169574 elementor-absolute elementor-hidden-tablet elementor-hidden-mobile image-width-full elementor-widget elementor-widget-mae-gallery-stack\" data-id=\"d169574\" data-element_type=\"widget\" data-settings=\"{&quot;_position&quot;:&quot;absolute&quot;,&quot;ekit_we_effect_on&quot;:&quot;none&quot;}\" data-widget_type=\"mae-gallery-stack.default\">\n\t\t\t\t<div class=\"elementor-widget-container\">\n\t\t\t\t\t<div class=\"master-gallery-stack\">\n\t\t\t<div class=\"master-fancy-image elementor-repeater-item-1e39787 \" data-top=\"0px\" data-calcHeight=\"no\">\n\t\t\t\t\t\t\t\t\t\t<div class=\"image-wrap\"><img loading=\"lazy\" decoding=\"async\" width=\"654\" height=\"468\" src=\"https:\/\/vigilanciaemsaude.recife.pe.gov.br\/cievs\/wp-content\/uploads\/2023\/07\/lines.webp\" class=\"attachment-full size-full\" alt=\"\" srcset=\"https:\/\/vigilanciaemsaude.recife.pe.gov.br\/cievs\/wp-content\/uploads\/2023\/07\/lines.webp 654w, https:\/\/vigilanciaemsaude.recife.pe.gov.br\/cievs\/wp-content\/uploads\/2023\/07\/lines-300x215.webp 300w\" sizes=\"(max-width: 654px) 100vw, 654px\" \/><\/div>\n\t\t\t\t\t\t\t\t\t<\/div>\t\t<\/div>\n\t    \t\t<\/div>\n\t\t\t\t<\/div>\n\t\t\t\t<section class=\"elementor-section elementor-inner-section elementor-element elementor-element-5eaa30e7 elementor-section-boxed elementor-section-height-default elementor-section-height-default\" data-id=\"5eaa30e7\" data-element_type=\"section\">\n\t\t\t\t\t\t<div class=\"elementor-container elementor-column-gap-default\">\n\t\t\t\t\t<div class=\"elementor-column elementor-col-100 elementor-inner-column elementor-element elementor-element-4d85aa40\" data-id=\"4d85aa40\" data-element_type=\"column\">\n\t\t\t<div class=\"elementor-widget-wrap\">\n\t\t\t\t\t\t\t<\/div>\n\t\t<\/div>\n\t\t\t\t\t<\/div>\n\t\t<\/section>\n\t\t\t\t<section class=\"elementor-section elementor-inner-section elementor-element elementor-element-245944d8 elementor-section-full_width elementor-section-height-default elementor-section-height-default\" data-id=\"245944d8\" data-element_type=\"section\">\n\t\t\t\t\t\t<div class=\"elementor-container elementor-column-gap-default\">\n\t\t\t\t\t<div class=\"elementor-column elementor-col-100 elementor-inner-column elementor-element elementor-element-61d5aabd\" data-id=\"61d5aabd\" data-element_type=\"column\">\n\t\t\t<div class=\"elementor-widget-wrap elementor-element-populated\">\n\t\t\t\t\t\t<div class=\"elementor-element elementor-element-65a7ec37 overflow-hidden icon-position-left icon-box-default elementor-widget elementor-widget-mae-icon-box\" data-id=\"65a7ec37\" data-element_type=\"widget\" data-settings=\"{&quot;ekit_we_effect_on&quot;:&quot;none&quot;}\" data-widget_type=\"mae-icon-box.default\">\n\t\t\t\t<div class=\"elementor-widget-container\">\n\t\t\t                <div class=\"master-wrap\">\n                                <div class=\"master-decor html elementor-repeater-item-a497e2b \">\n                                            <\/div>\n                        <div class=\"master-icon-box\" >\n                        \n            <div class=\"inner\">\n                <div class=\"icon-wrap\"><div class=\"master-icon\"><\/div><\/div>\n                <div class=\"text-wrap\">\n                    <h2 class=\"headline-2\">Notifica\u00e7\u00e3o<\/h2><div class=\"desc\">A notifica\u00e7\u00e3o \u00e9 o processo de comunica\u00e7\u00e3o oficial de eventos de sa\u00fade p\u00fablica suspeitos ou confirmados \u00e0 autoridade de sa\u00fade.\nEssa comunica\u00e7\u00e3o \u00e9 feita por profissionais de sa\u00fade ou institui\u00e7\u00f5es \u00e0s autoridades competentes, com o objetivo de permitir uma resposta r\u00e1pida e adequada para prevenir ou controlar poss\u00edveis impactos na sa\u00fade coletiva.\nTamb\u00e9m dever\u00e1 ser realizada pelos respons\u00e1veis por estabelecimentos p\u00fablicos ou privados educacionais, de cuidado coletivo, al\u00e9m de servi\u00e7os de hemoterapia, unidades laboratoriais e institui\u00e7\u00f5es de pesquisa.\nEla facilita que haja o monitoramento cont\u00ednuo da sa\u00fade p\u00fablica, a implementa\u00e7\u00e3o de medidas preventivas e de controle, e a mobiliza\u00e7\u00e3o de recursos.<\/div>                <\/div>\n            <\/div>\n\n            <div class=\"bg\"><\/div><div class=\"bg-hover\"><\/div><a class=\"url-hidden\" href=\"https:\/\/vigilanciaemsaude.recife.pe.gov.br\/cievs\/insurance\/car-insurance\/\"><\/a>        <\/div>\n        <\/div>\t\t<\/div>\n\t\t\t\t<\/div>\n\t\t\t\t\t<\/div>\n\t\t<\/div>\n\t\t\t\t\t<\/div>\n\t\t<\/section>\n\t\t\t\t<section class=\"elementor-section elementor-inner-section elementor-element elementor-element-68013999 elementor-section-full_width elementor-section-height-default elementor-section-height-default\" data-id=\"68013999\" data-element_type=\"section\">\n\t\t\t\t\t\t<div class=\"elementor-container elementor-column-gap-default\">\n\t\t\t\t\t<div class=\"elementor-column elementor-col-100 elementor-inner-column elementor-element elementor-element-53abffc9\" data-id=\"53abffc9\" data-element_type=\"column\">\n\t\t\t<div class=\"elementor-widget-wrap elementor-element-populated\">\n\t\t\t\t\t\t<div class=\"elementor-element elementor-element-71627529 overflow-hidden icon-position-left icon-box-default elementor-widget elementor-widget-mae-icon-box\" data-id=\"71627529\" data-element_type=\"widget\" data-settings=\"{&quot;ekit_we_effect_on&quot;:&quot;none&quot;}\" data-widget_type=\"mae-icon-box.default\">\n\t\t\t\t<div class=\"elementor-widget-container\">\n\t\t\t                <div class=\"master-wrap\">\n                                <div class=\"master-decor html elementor-repeater-item-a497e2b \">\n                                            <\/div>\n                        <div class=\"master-icon-box\" >\n                        \n            <div class=\"inner\">\n                <div class=\"icon-wrap\"><div class=\"master-icon\"><\/div><\/div>\n                <div class=\"text-wrap\">\n                    <h2 class=\"headline-2\">Detec\u00e7\u00e3o<\/h2><div class=\"desc\">A detec\u00e7\u00e3o refere-se \u00e0 identifica\u00e7\u00e3o de doen\u00e7as incomuns ou inesperadas e eventos de sa\u00fade pelo servi\u00e7o de sa\u00fade ou outra fonte de detec\u00e7\u00e3o do sistema de sa\u00fade que possam se tornar emerg\u00eancias em sa\u00fade p\u00fablica. S\u00e3o exemplos: surtos, epidemias ou outros acontecimentos inesperados, por meio do monitoramento, notifica\u00e7\u00e3o e an\u00e1lise de dados provenientes de diversas fontes. Esses eventos podem ser notificados conforme as Listas Nacional e Estadual de Doen\u00e7as de Notifica\u00e7\u00e3o Imediata.<\/div>                <\/div>\n            <\/div>\n\n            <div class=\"bg\"><\/div><div class=\"bg-hover\"><\/div><a class=\"url-hidden\" href=\"https:\/\/vigilanciaemsaude.recife.pe.gov.br\/cievs\/insurance\/life-insurance\/\"><\/a>        <\/div>\n        <\/div>\t\t<\/div>\n\t\t\t\t<\/div>\n\t\t\t\t\t<\/div>\n\t\t<\/div>\n\t\t\t\t\t<\/div>\n\t\t<\/section>\n\t\t\t\t<section class=\"elementor-section elementor-inner-section elementor-element elementor-element-3853332a elementor-section-full_width elementor-section-height-default elementor-section-height-default\" data-id=\"3853332a\" data-element_type=\"section\">\n\t\t\t\t\t\t<div class=\"elementor-container elementor-column-gap-default\">\n\t\t\t\t\t<div class=\"elementor-column elementor-col-100 elementor-inner-column elementor-element elementor-element-4820b809\" data-id=\"4820b809\" data-element_type=\"column\">\n\t\t\t<div class=\"elementor-widget-wrap elementor-element-populated\">\n\t\t\t\t\t\t<div class=\"elementor-element elementor-element-78eddd53 overflow-hidden icon-position-left icon-box-default elementor-widget elementor-widget-mae-icon-box\" data-id=\"78eddd53\" data-element_type=\"widget\" data-settings=\"{&quot;ekit_we_effect_on&quot;:&quot;none&quot;}\" data-widget_type=\"mae-icon-box.default\">\n\t\t\t\t<div class=\"elementor-widget-container\">\n\t\t\t                <div class=\"master-wrap\">\n                                <div class=\"master-decor html elementor-repeater-item-a497e2b \">\n                                            <\/div>\n                        <div class=\"master-icon-box\" >\n                        \n            <div class=\"inner\">\n                <div class=\"icon-wrap\"><div class=\"master-icon\"><\/div><\/div>\n                <div class=\"text-wrap\">\n                    <h2 class=\"headline-2\">Monitoramento<\/h2><div class=\"desc\">O monitoramento \u00e9 o processo cont\u00ednuo de observa\u00e7\u00e3o e an\u00e1lise de informa\u00e7\u00f5es relacionadas a eventos de sa\u00fade p\u00fablica. Ele inclui o acompanhamento de dados epidemiol\u00f3gicos, notifica\u00e7\u00f5es de casos e sinais de alerta, com o objetivo de acompanhar e identificar precocemente mudan\u00e7as ou riscos \u00e0 sa\u00fade coletiva. Isso permite a ado\u00e7\u00e3o de medidas preventivas ou de resposta para minimizar impactos \u00e0 sa\u00fade da popula\u00e7\u00e3o.<\/div>                <\/div>\n            <\/div>\n\n            <div class=\"bg\"><\/div><div class=\"bg-hover\"><\/div><a class=\"url-hidden\" href=\"https:\/\/vigilanciaemsaude.recife.pe.gov.br\/cievs\/insurance\/health-insurance\/\"><\/a>        <\/div>\n        <\/div>\t\t<\/div>\n\t\t\t\t<\/div>\n\t\t\t\t\t<\/div>\n\t\t<\/div>\n\t\t\t\t\t<\/div>\n\t\t<\/section>\n\t\t\t\t<section class=\"elementor-section elementor-inner-section elementor-element elementor-element-2652b39 elementor-section-full_width elementor-section-height-default elementor-section-height-default\" data-id=\"2652b39\" data-element_type=\"section\">\n\t\t\t\t\t\t<div class=\"elementor-container elementor-column-gap-default\">\n\t\t\t\t\t<div class=\"elementor-column elementor-col-100 elementor-inner-column elementor-element elementor-element-34aa9ce\" data-id=\"34aa9ce\" data-element_type=\"column\">\n\t\t\t<div class=\"elementor-widget-wrap elementor-element-populated\">\n\t\t\t\t\t\t<div class=\"elementor-element elementor-element-6a9964f overflow-hidden icon-position-left icon-box-default elementor-widget elementor-widget-mae-icon-box\" data-id=\"6a9964f\" data-element_type=\"widget\" data-settings=\"{&quot;ekit_we_effect_on&quot;:&quot;none&quot;}\" data-widget_type=\"mae-icon-box.default\">\n\t\t\t\t<div class=\"elementor-widget-container\">\n\t\t\t                <div class=\"master-wrap\">\n                                <div class=\"master-decor html elementor-repeater-item-a497e2b \">\n                                            <\/div>\n                        <div class=\"master-icon-box\" >\n                        \n            <div class=\"inner\">\n                <div class=\"icon-wrap\"><div class=\"master-icon\"><\/div><\/div>\n                <div class=\"text-wrap\">\n                    <h2 class=\"headline-2\">Resposta<\/h2><div class=\"desc\">A resposta refere-se a a\u00e7\u00f5es efetivas inicialmente estruturadas, imediatas e coordenadas para controlar e mitigar eventos de sa\u00fade p\u00fablica, como surtos ou epidemias. Essas respostas incluem medidas de manejo clinico, controle e preven\u00e7\u00e3o (como vacina\u00e7\u00e3o e tratamento), investiga\u00e7\u00e3o epidemiol\u00f3gica, avalia\u00e7\u00e3o de risco, coordena\u00e7\u00e3o interinstitucional, operaliza\u00e7\u00e3o de contramedidas de sa\u00fade p\u00fablica, monitoramento cont\u00ednuo da situa\u00e7\u00e3o, comunica\u00e7\u00e3o de risco com a popula\u00e7\u00e3o e profissionais de sa\u00fade, e apoio t\u00e9cnico \u00e0s equipes envolvidas. O objetivo \u00e9 proteger a sa\u00fade p\u00fablica por meio de uma resposta eficaz e integrada.<\/div>                <\/div>\n            <\/div>\n\n            <div class=\"bg\"><\/div><div class=\"bg-hover\"><\/div><a class=\"url-hidden\" href=\"https:\/\/vigilanciaemsaude.recife.pe.gov.br\/cievs\/insurance\/health-insurance\/\"><\/a>        <\/div>\n        <\/div>\t\t<\/div>\n\t\t\t\t<\/div>\n\t\t\t\t\t<\/div>\n\t\t<\/div>\n\t\t\t\t\t<\/div>\n\t\t<\/section>\n\t\t\t\t<div class=\"elementor-element elementor-element-3a7424f5 elementor-widget elementor-widget-spacer\" data-id=\"3a7424f5\" data-element_type=\"widget\" data-settings=\"{&quot;ekit_we_effect_on&quot;:&quot;none&quot;}\" data-widget_type=\"spacer.default\">\n\t\t\t\t<div class=\"elementor-widget-container\">\n\t\t\t\t\t<div class=\"elementor-spacer\">\n\t\t\t<div class=\"elementor-spacer-inner\"><\/div>\n\t\t<\/div>\n\t\t\t\t<\/div>\n\t\t\t\t<\/div>\n\t\t\t\t\t<\/div>\n\t\t<\/div>\n\t\t\t\t\t<\/div>\n\t\t<\/section>\n\t\t\t\t<\/div>\n\t\t","protected":false},"excerpt":{"rendered":"<p>O QUE \u00c9 O CIEVS? O Centro de Informa\u00e7\u00f5es Estrat\u00e9gicas em Vigil\u00e2ncia em Sa\u00fade (Cievs) O Centro de Informa\u00e7\u00f5es Estrat\u00e9gicas em Vigil\u00e2ncia em Sa\u00fade (Cievs) \u00e9 um servi\u00e7o de intelig\u00eancia epidemiol\u00f3gica no \u00e2mbito do Sistema Nacional de Vigil\u00e2ncia em Sa\u00fade \u2013 SNVS do Sistema \u00danico de Sa\u00fade (SUS). Tem como<\/p>\n","protected":false},"author":1,"featured_media":0,"parent":0,"menu_order":0,"comment_status":"closed","ping_status":"closed","template":"","meta":{"footnotes":""},"class_list":["post-120","page","type-page","status-publish","hentry"],"_links":{"self":[{"href":"https:\/\/vigilanciaemsaude.recife.pe.gov.br\/cievs\/wp-json\/wp\/v2\/pages\/120","targetHints":{"allow":["GET"]}}],"collection":[{"href":"https:\/\/vigilanciaemsaude.recife.pe.gov.br\/cievs\/wp-json\/wp\/v2\/pages"}],"about":[{"href":"https:\/\/vigilanciaemsaude.recife.pe.gov.br\/cievs\/wp-json\/wp\/v2\/types\/page"}],"author":[{"embeddable":true,"href":"https:\/\/vigilanciaemsaude.recife.pe.gov.br\/cievs\/wp-json\/wp\/v2\/users\/1"}],"replies":[{"embeddable":true,"href":"https:\/\/vigilanciaemsaude.recife.pe.gov.br\/cievs\/wp-json\/wp\/v2\/comments?post=120"}],"version-history":[{"count":283,"href":"https:\/\/vigilanciaemsaude.recife.pe.gov.br\/cievs\/wp-json\/wp\/v2\/pages\/120\/revisions"}],"predecessor-version":[{"id":7267,"href":"https:\/\/vigilanciaemsaude.recife.pe.gov.br\/cievs\/wp-json\/wp\/v2\/pages\/120\/revisions\/7267"}],"wp:attachment":[{"href":"https:\/\/vigilanciaemsaude.recife.pe.gov.br\/cievs\/wp-json\/wp\/v2\/media?parent=120"}],"curies":[{"name":"wp","href":"https:\/\/api.w.org\/{rel}","templated":true}]}}